{"id":9092,"date":"2022-04-04T13:03:11","date_gmt":"2022-04-04T11:03:11","guid":{"rendered":"https:\/\/emoble.es\/garantie-dachat-de-couvre-radiateurs-chez-emoble-es\/"},"modified":"2022-04-27T10:26:17","modified_gmt":"2022-04-27T08:26:17","slug":"garantie-dachat-de-couvre-radiateurs-chez-emoble-es","status":"publish","type":"page","link":"https:\/\/emoble.es\/fr\/garantie-dachat-de-couvre-radiateurs-chez-emoble-es\/","title":{"rendered":"Garantie d&rsquo;achat de couvre-radiateurs chez Emoble.es"},"content":{"rendered":"\t\t<div data-elementor-type=\"wp-page\" data-elementor-id=\"9092\" class=\"elementor elementor-9092 elementor-1517\" data-elementor-post-type=\"page\">\n\t\t\t\t\t\t<section class=\"elementor-section elementor-top-section elementor-element elementor-element-7fda9d7 elementor-section-boxed elementor-section-height-default elementor-section-height-default\" data-id=\"7fda9d7\" data-element_type=\"section\" data-e-type=\"section\" data-settings=\"{&quot;background_background&quot;:&quot;gradient&quot;}\">\n\t\t\t\t\t\t\t<div class=\"elementor-background-overlay\"><\/div>\n\t\t\t\t\t\t\t<div class=\"elementor-container elementor-column-gap-default\">\n\t\t\t\t\t<div class=\"elementor-column elementor-col-100 elementor-top-column elementor-element elementor-element-8d86244\" data-id=\"8d86244\" data-element_type=\"column\" data-e-type=\"column\">\n\t\t\t<div class=\"elementor-widget-wrap elementor-element-populated\">\n\t\t\t\t\t\t<section class=\"elementor-section elementor-inner-section elementor-element elementor-element-da2f4e5 elementor-section-boxed elementor-section-height-default elementor-section-height-default\" data-id=\"da2f4e5\" data-element_type=\"section\" data-e-type=\"section\">\n\t\t\t\t\t\t<div class=\"elementor-container elementor-column-gap-default\">\n\t\t\t\t\t<div class=\"elementor-column elementor-col-100 elementor-inner-column elementor-element elementor-element-bdd6f55\" data-id=\"bdd6f55\" data-element_type=\"column\" data-e-type=\"column\">\n\t\t\t<div class=\"elementor-widget-wrap elementor-element-populated\">\n\t\t\t\t\t\t<div class=\"elementor-element elementor-element-74ea7f2 elementor-widget elementor-widget-heading\" data-id=\"74ea7f2\" data-element_type=\"widget\" data-e-type=\"widget\" data-widget_type=\"heading.default\">\n\t\t\t\t<div class=\"elementor-widget-container\">\n\t\t\t\t\t<h2 class=\"elementor-heading-title elementor-size-default\">La qualit\u00e9 fait ce qu'il faut<br> quand personne ne regarde<\/h2>\t\t\t\t<\/div>\n\t\t\t\t<\/div>\n\t\t\t\t\t<\/div>\n\t\t<\/div>\n\t\t\t\t\t<\/div>\n\t\t<\/section>\n\t\t\t\t\t<\/div>\n\t\t<\/div>\n\t\t\t\t\t<\/div>\n\t\t<\/section>\n\t\t\t\t<section class=\"elementor-section elementor-top-section elementor-element elementor-element-62de805 elementor-section-boxed elementor-section-height-default elementor-section-height-default\" data-id=\"62de805\" data-element_type=\"section\" data-e-type=\"section\">\n\t\t\t\t\t\t<div class=\"elementor-container elementor-column-gap-default\">\n\t\t\t\t\t<div class=\"elementor-column elementor-col-100 elementor-top-column elementor-element elementor-element-ea39e16\" data-id=\"ea39e16\" data-element_type=\"column\" data-e-type=\"column\">\n\t\t\t<div class=\"elementor-widget-wrap elementor-element-populated\">\n\t\t\t\t\t\t<div class=\"elementor-element elementor-element-17f4113 elementor-widget elementor-widget-heading\" data-id=\"17f4113\" data-element_type=\"widget\" data-e-type=\"widget\" data-widget_type=\"heading.default\">\n\t\t\t\t<div class=\"elementor-widget-container\">\n\t\t\t\t\t<h2 class=\"elementor-heading-title elementor-size-default\">La qualit\u00e9 est notre meilleure garantie<\/h2>\t\t\t\t<\/div>\n\t\t\t\t<\/div>\n\t\t\t\t<div class=\"elementor-element elementor-element-27b129b elementor-widget elementor-widget-text-editor\" data-id=\"27b129b\" data-element_type=\"widget\" data-e-type=\"widget\" data-widget_type=\"text-editor.default\">\n\t\t\t\t<div class=\"elementor-widget-container\">\n\t\t\t\t\t\t\t\t\t<p><b>La qualit\u00e9 est notre meilleure garantie<\/b> Tous nos meubles cache-radiateurs sont garantis pour une p\u00e9riode de deux ans, contre tout d\u00e9faut de fabrication, conform\u00e9ment au d\u00e9cret l\u00e9gislatif royal 1\/2007, du 16 novembre, qui approuve le texte consolid\u00e9 de la loi g\u00e9n\u00e9rale pour la d\u00e9fense des consommateurs et des utilisateurs et autres lois compl\u00e9mentaires. La garantie ne s&rsquo;appliquera pas dans les cas o\u00f9 il est \u00e9vident que le probl\u00e8me a \u00e9t\u00e9 caus\u00e9 par une mauvaise utilisation du produit.<\/p>\n<p><b>Changements et retours:<\/b> tous nos meubles sont des mesures sp\u00e9ciales fabriqu\u00e9es express\u00e9ment pour les besoins du client. Les modifications ou les retours ne sont pas accept\u00e9s, sauf en cas de d\u00e9faut de fabrication ou de transport. Dans tous les cas, la date de d\u00e9but de la garantie sera celle qui figure sur la facture d&rsquo;achat, qui sera envoy\u00e9e par e-mail une fois le meuble livr\u00e9.<\/p>\n<p>La garantie des produits achet\u00e9s sera la facture d&rsquo;achat. que vous devez \u00e9pargner pour d&rsquo;\u00e9ventuelles r\u00e9clamations. Cette garantie ne couvre que l&rsquo;adresse de livraison de la commande, pour toute r\u00e9clamation il appartiendra au client de transporter la marchandise \u00e0 l&rsquo;adresse de livraison.<\/p>\n<p><b>Assurance dommages de transport<\/b>, tous nos meubles voyagent enti\u00e8rement assur\u00e9s contre tout dommage caus\u00e9 pendant le transport. Tout meuble ayant subi des dommages sera remplac\u00e9 dans les plus brefs d\u00e9lais sans frais pour le client. Le client doit examiner la marchandise et signaler tout dommage \u00e0 l&#8217;emballage ou \u00e0 la marchandise dans les 24 heures suivant la r\u00e9ception de la commande. Il est recommand\u00e9 que s&rsquo;il y a un signe ext\u00e9rieur d&rsquo;endommagement du colis, cela soit sp\u00e9cifi\u00e9 sur le bon de livraison, si le bon de livraison est sign\u00e9 comme r\u00e9cup\u00e9r\u00e9 sans autre pr\u00e9cision, il est entendu que le colis est arriv\u00e9 en bon \u00e9tat et que le dommage est survenu ult\u00e9rieurement, de sorte que les r\u00e9clamations ne seront pas accept\u00e9es de la part des utilisateurs qui n&rsquo;ont pas sign\u00e9 le bon de livraison indiquant que le colis doit \u00eatre v\u00e9rifi\u00e9.<\/p>\n<p><b>Vous h\u00e9sitez encore \u00e0 faire des achats en ligne ? <\/b>Nous vous invitons \u00e0 visiter nos installations d&rsquo;usine, o\u00f9 nous pouvons vous montrer le produit dans notre salle d&rsquo;exposition, o\u00f9 vous pouvez le voir avec les m\u00eames qualit\u00e9s que nous pr\u00e9sentons dans notre boutique en ligne. <b>Emoble vous facilite la t\u00e2che.<\/b><\/p>\n<p>Pour toute autre question ne figurant pas sur cette page, n&rsquo;h\u00e9sitez pas \u00e0 nous faire part de votre requ\u00eate en remplissant le formulaire. Si vous pr\u00e9f\u00e9rez, vous pouvez \u00e9galement nous appeler au num\u00e9ro <b>961 698 254<\/b>, o\u00f9 nous serons heureux de vous aider.<\/p>\t\t\t\t\t\t\t\t<\/div>\n\t\t\t\t<\/div>\n\t\t\t\t\t<\/div>\n\t\t<\/div>\n\t\t\t\t\t<\/div>\n\t\t<\/section>\n\t\t\t\t<\/div>\n\t\t","protected":false},"excerpt":{"rendered":"<p>La qualit\u00e9 fait ce qu&rsquo;il faut quand personne ne regarde La qualit\u00e9 est notre meilleure garantie La qualit\u00e9 est notre meilleure garantie Tous nos meubles cache-radiateurs sont garantis pour une p\u00e9riode de deux ans, contre tout d\u00e9faut de fabrication, conform\u00e9ment au d\u00e9cret l\u00e9gislatif royal 1\/2007, du 16 novembre, qui approuve le texte consolid\u00e9 de la [&hellip;]<\/p>\n","protected":false},"author":1,"featured_media":0,"parent":0,"menu_order":0,"comment_status":"closed","ping_status":"closed","template":"","meta":{"inline_featured_image":false,"ngg_post_thumbnail":0,"footnotes":""},"class_list":["post-9092","page","type-page","status-publish","hentry"],"yoast_head":"<!-- This site is optimized with the Yoast SEO plugin v27.4 - https:\/\/yoast.com\/product\/yoast-seo-wordpress\/ -->\n<title>Garantie d&#039;achat de couvre-radiateurs chez Emoble.es - Emoble<\/title>\n<meta name=\"description\" content=\"Tous les produits Emoble sont garantis 24 mois. Garantie \u00e0 100% lors de l&#039;achat de cache-radiateurs et de tables pliantes sur Emoble.es\" \/>\n<meta name=\"robots\" content=\"index, follow, max-snippet:-1, max-image-preview:large, max-video-preview:-1\" \/>\n<link rel=\"canonical\" href=\"https:\/\/emoble.es\/fr\/garantie-dachat-de-couvre-radiateurs-chez-emoble-es\/\" \/>\n<meta property=\"og:locale\" content=\"fr_FR\" \/>\n<meta property=\"og:type\" content=\"article\" \/>\n<meta property=\"og:title\" content=\"Garantie d&#039;achat de couvre-radiateurs chez Emoble.es - Emoble\" \/>\n<meta property=\"og:description\" content=\"Tous les produits Emoble sont garantis 24 mois. Garantie \u00e0 100% lors de l&#039;achat de cache-radiateurs et de tables pliantes sur Emoble.es\" \/>\n<meta property=\"og:url\" content=\"https:\/\/emoble.es\/fr\/garantie-dachat-de-couvre-radiateurs-chez-emoble-es\/\" \/>\n<meta property=\"og:site_name\" content=\"Emoble\" \/>\n<meta property=\"article:modified_time\" content=\"2022-04-27T08:26:17+00:00\" \/>\n<meta name=\"twitter:card\" content=\"summary_large_image\" \/>\n<meta name=\"twitter:label1\" content=\"Dur\u00e9e de lecture estim\u00e9e\" \/>\n\t<meta name=\"twitter:data1\" content=\"2 minutes\" \/>\n<script type=\"application\/ld+json\" class=\"yoast-schema-graph\">{\"@context\":\"https:\\\/\\\/schema.org\",\"@graph\":[{\"@type\":\"WebPage\",\"@id\":\"https:\\\/\\\/emoble.es\\\/fr\\\/garantie-dachat-de-couvre-radiateurs-chez-emoble-es\\\/\",\"url\":\"https:\\\/\\\/emoble.es\\\/fr\\\/garantie-dachat-de-couvre-radiateurs-chez-emoble-es\\\/\",\"name\":\"Garantie d'achat de couvre-radiateurs chez Emoble.es - Emoble\",\"isPartOf\":{\"@id\":\"https:\\\/\\\/emoble.es\\\/fr\\\/#website\"},\"datePublished\":\"2022-04-04T11:03:11+00:00\",\"dateModified\":\"2022-04-27T08:26:17+00:00\",\"description\":\"Tous les produits Emoble sont garantis 24 mois. Garantie \u00e0 100% lors de l'achat de cache-radiateurs et de tables pliantes sur Emoble.es\",\"breadcrumb\":{\"@id\":\"https:\\\/\\\/emoble.es\\\/fr\\\/garantie-dachat-de-couvre-radiateurs-chez-emoble-es\\\/#breadcrumb\"},\"inLanguage\":\"fr-FR\",\"potentialAction\":[{\"@type\":\"ReadAction\",\"target\":[\"https:\\\/\\\/emoble.es\\\/fr\\\/garantie-dachat-de-couvre-radiateurs-chez-emoble-es\\\/\"]}]},{\"@type\":\"BreadcrumbList\",\"@id\":\"https:\\\/\\\/emoble.es\\\/fr\\\/garantie-dachat-de-couvre-radiateurs-chez-emoble-es\\\/#breadcrumb\",\"itemListElement\":[{\"@type\":\"ListItem\",\"position\":1,\"name\":\"Portada\",\"item\":\"https:\\\/\\\/emoble.es\\\/fr\\\/couvertures-de-radiateur-personnalisees-en-ligne-emoble-es\\\/\"},{\"@type\":\"ListItem\",\"position\":2,\"name\":\"Garantie d&#8217;achat de couvre-radiateurs chez Emoble.es\"}]},{\"@type\":\"WebSite\",\"@id\":\"https:\\\/\\\/emoble.es\\\/fr\\\/#website\",\"url\":\"https:\\\/\\\/emoble.es\\\/fr\\\/\",\"name\":\"Emoble\",\"description\":\"Cubreradiadores a medida online - Emoble.es\",\"publisher\":{\"@id\":\"https:\\\/\\\/emoble.es\\\/fr\\\/#organization\"},\"potentialAction\":[{\"@type\":\"SearchAction\",\"target\":{\"@type\":\"EntryPoint\",\"urlTemplate\":\"https:\\\/\\\/emoble.es\\\/fr\\\/?s={search_term_string}\"},\"query-input\":{\"@type\":\"PropertyValueSpecification\",\"valueRequired\":true,\"valueName\":\"search_term_string\"}}],\"inLanguage\":\"fr-FR\"},{\"@type\":\"Organization\",\"@id\":\"https:\\\/\\\/emoble.es\\\/fr\\\/#organization\",\"name\":\"Emoble\",\"url\":\"https:\\\/\\\/emoble.es\\\/fr\\\/\",\"logo\":{\"@type\":\"ImageObject\",\"inLanguage\":\"fr-FR\",\"@id\":\"https:\\\/\\\/emoble.es\\\/fr\\\/#\\\/schema\\\/logo\\\/image\\\/\",\"url\":\"https:\\\/\\\/emoble.es\\\/wp-content\\\/uploads\\\/2022\\\/03\\\/emoble_logo_positivo.svg\",\"contentUrl\":\"https:\\\/\\\/emoble.es\\\/wp-content\\\/uploads\\\/2022\\\/03\\\/emoble_logo_positivo.svg\",\"width\":486,\"height\":186,\"caption\":\"Emoble\"},\"image\":{\"@id\":\"https:\\\/\\\/emoble.es\\\/fr\\\/#\\\/schema\\\/logo\\\/image\\\/\"}}]}<\/script>\n<!-- \/ Yoast SEO plugin. -->","yoast_head_json":{"title":"Garantie d'achat de couvre-radiateurs chez Emoble.es - Emoble","description":"Tous les produits Emoble sont garantis 24 mois. Garantie \u00e0 100% lors de l'achat de cache-radiateurs et de tables pliantes sur Emoble.es","robots":{"index":"index","follow":"follow","max-snippet":"max-snippet:-1","max-image-preview":"max-image-preview:large","max-video-preview":"max-video-preview:-1"},"canonical":"https:\/\/emoble.es\/fr\/garantie-dachat-de-couvre-radiateurs-chez-emoble-es\/","og_locale":"fr_FR","og_type":"article","og_title":"Garantie d'achat de couvre-radiateurs chez Emoble.es - Emoble","og_description":"Tous les produits Emoble sont garantis 24 mois. Garantie \u00e0 100% lors de l'achat de cache-radiateurs et de tables pliantes sur Emoble.es","og_url":"https:\/\/emoble.es\/fr\/garantie-dachat-de-couvre-radiateurs-chez-emoble-es\/","og_site_name":"Emoble","article_modified_time":"2022-04-27T08:26:17+00:00","twitter_card":"summary_large_image","twitter_misc":{"Dur\u00e9e de lecture estim\u00e9e":"2 minutes"},"schema":{"@context":"https:\/\/schema.org","@graph":[{"@type":"WebPage","@id":"https:\/\/emoble.es\/fr\/garantie-dachat-de-couvre-radiateurs-chez-emoble-es\/","url":"https:\/\/emoble.es\/fr\/garantie-dachat-de-couvre-radiateurs-chez-emoble-es\/","name":"Garantie d'achat de couvre-radiateurs chez Emoble.es - Emoble","isPartOf":{"@id":"https:\/\/emoble.es\/fr\/#website"},"datePublished":"2022-04-04T11:03:11+00:00","dateModified":"2022-04-27T08:26:17+00:00","description":"Tous les produits Emoble sont garantis 24 mois. Garantie \u00e0 100% lors de l'achat de cache-radiateurs et de tables pliantes sur Emoble.es","breadcrumb":{"@id":"https:\/\/emoble.es\/fr\/garantie-dachat-de-couvre-radiateurs-chez-emoble-es\/#breadcrumb"},"inLanguage":"fr-FR","potentialAction":[{"@type":"ReadAction","target":["https:\/\/emoble.es\/fr\/garantie-dachat-de-couvre-radiateurs-chez-emoble-es\/"]}]},{"@type":"BreadcrumbList","@id":"https:\/\/emoble.es\/fr\/garantie-dachat-de-couvre-radiateurs-chez-emoble-es\/#breadcrumb","itemListElement":[{"@type":"ListItem","position":1,"name":"Portada","item":"https:\/\/emoble.es\/fr\/couvertures-de-radiateur-personnalisees-en-ligne-emoble-es\/"},{"@type":"ListItem","position":2,"name":"Garantie d&#8217;achat de couvre-radiateurs chez Emoble.es"}]},{"@type":"WebSite","@id":"https:\/\/emoble.es\/fr\/#website","url":"https:\/\/emoble.es\/fr\/","name":"Emoble","description":"Cubreradiadores a medida online - Emoble.es","publisher":{"@id":"https:\/\/emoble.es\/fr\/#organization"},"potentialAction":[{"@type":"SearchAction","target":{"@type":"EntryPoint","urlTemplate":"https:\/\/emoble.es\/fr\/?s={search_term_string}"},"query-input":{"@type":"PropertyValueSpecification","valueRequired":true,"valueName":"search_term_string"}}],"inLanguage":"fr-FR"},{"@type":"Organization","@id":"https:\/\/emoble.es\/fr\/#organization","name":"Emoble","url":"https:\/\/emoble.es\/fr\/","logo":{"@type":"ImageObject","inLanguage":"fr-FR","@id":"https:\/\/emoble.es\/fr\/#\/schema\/logo\/image\/","url":"https:\/\/emoble.es\/wp-content\/uploads\/2022\/03\/emoble_logo_positivo.svg","contentUrl":"https:\/\/emoble.es\/wp-content\/uploads\/2022\/03\/emoble_logo_positivo.svg","width":486,"height":186,"caption":"Emoble"},"image":{"@id":"https:\/\/emoble.es\/fr\/#\/schema\/logo\/image\/"}}]}},"acf":[],"_links":{"self":[{"href":"https:\/\/emoble.es\/fr\/wp-json\/wp\/v2\/pages\/9092","targetHints":{"allow":["GET"]}}],"collection":[{"href":"https:\/\/emoble.es\/fr\/wp-json\/wp\/v2\/pages"}],"about":[{"href":"https:\/\/emoble.es\/fr\/wp-json\/wp\/v2\/types\/page"}],"author":[{"embeddable":true,"href":"https:\/\/emoble.es\/fr\/wp-json\/wp\/v2\/users\/1"}],"replies":[{"embeddable":true,"href":"https:\/\/emoble.es\/fr\/wp-json\/wp\/v2\/comments?post=9092"}],"version-history":[{"count":3,"href":"https:\/\/emoble.es\/fr\/wp-json\/wp\/v2\/pages\/9092\/revisions"}],"predecessor-version":[{"id":9095,"href":"https:\/\/emoble.es\/fr\/wp-json\/wp\/v2\/pages\/9092\/revisions\/9095"}],"wp:attachment":[{"href":"https:\/\/emoble.es\/fr\/wp-json\/wp\/v2\/media?parent=9092"}],"curies":[{"name":"wp","href":"https:\/\/api.w.org\/{rel}","templated":true}]}}