{"id":9088,"date":"2022-04-04T17:14:13","date_gmt":"2022-04-04T15:14:13","guid":{"rendered":"https:\/\/emoble.es\/specialistes-des-couvre-radiateurs\/"},"modified":"2022-04-27T10:19:45","modified_gmt":"2022-04-27T08:19:45","slug":"specialistes-des-couvre-radiateurs","status":"publish","type":"page","link":"https:\/\/emoble.es\/fr\/specialistes-des-couvre-radiateurs\/","title":{"rendered":"Sp\u00e9cialistes des couvre-radiateurs"},"content":{"rendered":"\t\t<div data-elementor-type=\"wp-page\" data-elementor-id=\"9088\" class=\"elementor elementor-9088 elementor-1554\" data-elementor-post-type=\"page\">\n\t\t\t\t\t\t<section class=\"elementor-section elementor-top-section elementor-element elementor-element-4262c9f elementor-section-height-min-height elementor-section-boxed elementor-section-height-default elementor-section-items-middle\" data-id=\"4262c9f\" data-element_type=\"section\" data-e-type=\"section\" data-settings=\"{&quot;background_background&quot;:&quot;gradient&quot;}\">\n\t\t\t\t\t\t\t<div class=\"elementor-background-overlay\"><\/div>\n\t\t\t\t\t\t\t<div class=\"elementor-container elementor-column-gap-default\">\n\t\t\t\t\t<div class=\"elementor-column elementor-col-100 elementor-top-column elementor-element elementor-element-449ef0a\" data-id=\"449ef0a\" data-element_type=\"column\" data-e-type=\"column\">\n\t\t\t<div class=\"elementor-widget-wrap elementor-element-populated\">\n\t\t\t\t\t\t<div class=\"elementor-element elementor-element-6164c8c elementor-widget elementor-widget-heading\" data-id=\"6164c8c\" data-element_type=\"widget\" data-e-type=\"widget\" data-widget_type=\"heading.default\">\n\t\t\t\t<div class=\"elementor-widget-container\">\n\t\t\t\t\t<h2 class=\"elementor-heading-title elementor-size-default\">Qui sommes nous<\/h2>\t\t\t\t<\/div>\n\t\t\t\t<\/div>\n\t\t\t\t\t<\/div>\n\t\t<\/div>\n\t\t\t\t\t<\/div>\n\t\t<\/section>\n\t\t\t\t<section class=\"elementor-section elementor-top-section elementor-element elementor-element-8bc58a7 elementor-section-boxed elementor-section-height-default elementor-section-height-default\" data-id=\"8bc58a7\" data-element_type=\"section\" data-e-type=\"section\">\n\t\t\t\t\t\t<div class=\"elementor-container elementor-column-gap-default\">\n\t\t\t\t\t<div class=\"elementor-column elementor-col-100 elementor-top-column elementor-element elementor-element-151d963\" data-id=\"151d963\" data-element_type=\"column\" data-e-type=\"column\">\n\t\t\t<div class=\"elementor-widget-wrap elementor-element-populated\">\n\t\t\t\t\t\t<div class=\"elementor-element elementor-element-f99a56c elementor-widget elementor-widget-heading\" data-id=\"f99a56c\" data-element_type=\"widget\" data-e-type=\"widget\" data-widget_type=\"heading.default\">\n\t\t\t\t<div class=\"elementor-widget-container\">\n\t\t\t\t\t<h2 class=\"elementor-heading-title elementor-size-default\">Emoble. Sp\u00e9cialistes des couvre-radiateurs<\/h2>\t\t\t\t<\/div>\n\t\t\t\t<\/div>\n\t\t\t\t<section class=\"elementor-section elementor-inner-section elementor-element elementor-element-f6d14a3 elementor-section-boxed elementor-section-height-default elementor-section-height-default\" data-id=\"f6d14a3\" data-element_type=\"section\" data-e-type=\"section\">\n\t\t\t\t\t\t<div class=\"elementor-container elementor-column-gap-default\">\n\t\t\t\t\t<div class=\"elementor-column elementor-col-100 elementor-inner-column elementor-element elementor-element-f20cd3f\" data-id=\"f20cd3f\" data-element_type=\"column\" data-e-type=\"column\">\n\t\t\t<div class=\"elementor-widget-wrap elementor-element-populated\">\n\t\t\t\t\t\t<div class=\"elementor-element elementor-element-6d3c52d elementor-widget elementor-widget-text-editor\" data-id=\"6d3c52d\" data-element_type=\"widget\" data-e-type=\"widget\" data-widget_type=\"text-editor.default\">\n\t\t\t\t<div class=\"elementor-widget-container\">\n\t\t\t\t\t\t\t\t\t<div class=\"contorno\"><p>La marque Emoble est un nom commercial de la soci\u00e9t\u00e9 VIPASMORE S.L. dont le CIF est B42990382, une entreprise espagnole valencienne, dont le si\u00e8ge est situ\u00e9 dans le Pol\u00edgono Industrial Horta Vella, calle 3 nave 13, 46117 B\u00e9tera, Valence. Nous ne sommes pas des importateurs, nous sommes une usine de meubles auxiliaires sur mesure sp\u00e9cialis\u00e9e dans la fabrication de couvre-radiateurs sur mesure.<\/p><p>La marque Emoble est n\u00e9e en 2011, donc plus d&rsquo;une d\u00e9cennie et des milliers de clients satisfaits garantissent notre exp\u00e9rience dans le secteur du meuble.<\/p><p>Emoble ne vend pas de cache-radiateurs en carton blanc et peint fabriqu\u00e9s en Chine en s\u00e9rie. Emoble vend des meubles sur mesure en Espagne, dans des installations conformes \u00e0 toutes les r\u00e9glementations industrielles en vigueur, avec des employ\u00e9s qui gagnent un salaire d\u00e9cent et ont des conditions de travail conformes \u00e0 la l\u00e9gislation et avec des mat\u00e9riaux de la meilleure qualit\u00e9 : DM de haute densit\u00e9 laqu\u00e9 avec laques sp\u00e9ciales ou plaqu\u00e9 en bois v\u00e9ritable. Pour ces raisons, nous ne fabriquons pas de meubles bon march\u00e9, si vous cherchez quelque chose de bon march\u00e9, Emoble n&rsquo;est pas l&rsquo;entreprise qui peut vous aider.<\/p><p>Chez Emoble, nous travaillons avec du personnel qualifi\u00e9 poss\u00e9dant une vaste exp\u00e9rience dans le secteur du meuble, des \u00e9b\u00e9nistes, des laqueurs, du personnel commercial et administratif qui travaillent depuis plus de dix ans pour offrir un produit diff\u00e9rent, sur mesure en Espagne, con\u00e7u ici par des locaux, et avec des machines \u00e0 la pointe de la technologie.<\/p><p>Il est \u00e9galement tr\u00e8s important pour Emoble de vous faire savoir que nous nous conformons \u00e0 toutes les r\u00e9glementations pertinentes en mati\u00e8re de soin et de respect de l&rsquo;environnement, afin que nous ayons des conteneurs de recyclage s\u00e9par\u00e9s pour les diff\u00e9rents types de mat\u00e9riaux que nous utilisons et traitons nos d\u00e9chets dangereux tels que laques et solvants avec des entreprises sp\u00e9cialis\u00e9es.<\/p><p>Si vous souhaitez nous envoyer des suggestions ou des questions, vous pouvez nous contacter via l&rsquo;adresse e-mail <a href=\"mailto:info@emoble.es\" target=\"_blank\" rel=\"noopener\">info@emoble.es<\/a> ou en appelant le 961 698 254.<\/p><\/div>\t\t\t\t\t\t\t\t<\/div>\n\t\t\t\t<\/div>\n\t\t\t\t\t<\/div>\n\t\t<\/div>\n\t\t\t\t\t<\/div>\n\t\t<\/section>\n\t\t\t\t\t<\/div>\n\t\t<\/div>\n\t\t\t\t\t<\/div>\n\t\t<\/section>\n\t\t\t\t<\/div>\n\t\t","protected":false},"excerpt":{"rendered":"<p>Qui sommes nous Emoble. Sp\u00e9cialistes des couvre-radiateurs La marque Emoble est un nom commercial de la soci\u00e9t\u00e9 VIPASMORE S.L. dont le CIF est B42990382, une entreprise espagnole valencienne, dont le si\u00e8ge est situ\u00e9 dans le Pol\u00edgono Industrial Horta Vella, calle 3 nave 13, 46117 B\u00e9tera, Valence. Nous ne sommes pas des importateurs, nous sommes une [&hellip;]<\/p>\n","protected":false},"author":1,"featured_media":0,"parent":0,"menu_order":0,"comment_status":"closed","ping_status":"closed","template":"","meta":{"inline_featured_image":false,"ngg_post_thumbnail":0,"footnotes":""},"class_list":["post-9088","page","type-page","status-publish","hentry"],"yoast_head":"<!-- This site is optimized with the Yoast SEO plugin v27.4 - https:\/\/yoast.com\/product\/yoast-seo-wordpress\/ -->\n<title>Sp\u00e9cialistes des couvre-radiateurs - Emoble<\/title>\n<meta name=\"description\" content=\"Leaders dans la fabrication de couvre-radiateurs sur mesure. Grand choix de couvre-radiateurs. A partir de 190\u20ac. Vente en ligne. Livraison gratuite dans la p\u00e9ninsule !\" \/>\n<meta name=\"robots\" content=\"index, follow, max-snippet:-1, max-image-preview:large, max-video-preview:-1\" \/>\n<link rel=\"canonical\" href=\"https:\/\/emoble.es\/fr\/specialistes-des-couvre-radiateurs\/\" \/>\n<meta property=\"og:locale\" content=\"fr_FR\" \/>\n<meta property=\"og:type\" content=\"article\" \/>\n<meta property=\"og:title\" content=\"Sp\u00e9cialistes des couvre-radiateurs - Emoble\" \/>\n<meta property=\"og:description\" content=\"Leaders dans la fabrication de couvre-radiateurs sur mesure. Grand choix de couvre-radiateurs. A partir de 190\u20ac. Vente en ligne. Livraison gratuite dans la p\u00e9ninsule !\" \/>\n<meta property=\"og:url\" content=\"https:\/\/emoble.es\/fr\/specialistes-des-couvre-radiateurs\/\" \/>\n<meta property=\"og:site_name\" content=\"Emoble\" \/>\n<meta property=\"article:modified_time\" content=\"2022-04-27T08:19:45+00:00\" \/>\n<meta name=\"twitter:card\" content=\"summary_large_image\" \/>\n<meta name=\"twitter:label1\" content=\"Dur\u00e9e de lecture estim\u00e9e\" \/>\n\t<meta name=\"twitter:data1\" content=\"2 minutes\" \/>\n<script type=\"application\/ld+json\" class=\"yoast-schema-graph\">{\"@context\":\"https:\\\/\\\/schema.org\",\"@graph\":[{\"@type\":\"WebPage\",\"@id\":\"https:\\\/\\\/emoble.es\\\/fr\\\/specialistes-des-couvre-radiateurs\\\/\",\"url\":\"https:\\\/\\\/emoble.es\\\/fr\\\/specialistes-des-couvre-radiateurs\\\/\",\"name\":\"Sp\u00e9cialistes des couvre-radiateurs - Emoble\",\"isPartOf\":{\"@id\":\"https:\\\/\\\/emoble.es\\\/fr\\\/#website\"},\"datePublished\":\"2022-04-04T15:14:13+00:00\",\"dateModified\":\"2022-04-27T08:19:45+00:00\",\"description\":\"Leaders dans la fabrication de couvre-radiateurs sur mesure. Grand choix de couvre-radiateurs. A partir de 190\u20ac. Vente en ligne. Livraison gratuite dans la p\u00e9ninsule !\",\"breadcrumb\":{\"@id\":\"https:\\\/\\\/emoble.es\\\/fr\\\/specialistes-des-couvre-radiateurs\\\/#breadcrumb\"},\"inLanguage\":\"fr-FR\",\"potentialAction\":[{\"@type\":\"ReadAction\",\"target\":[\"https:\\\/\\\/emoble.es\\\/fr\\\/specialistes-des-couvre-radiateurs\\\/\"]}]},{\"@type\":\"BreadcrumbList\",\"@id\":\"https:\\\/\\\/emoble.es\\\/fr\\\/specialistes-des-couvre-radiateurs\\\/#breadcrumb\",\"itemListElement\":[{\"@type\":\"ListItem\",\"position\":1,\"name\":\"Portada\",\"item\":\"https:\\\/\\\/emoble.es\\\/fr\\\/couvertures-de-radiateur-personnalisees-en-ligne-emoble-es\\\/\"},{\"@type\":\"ListItem\",\"position\":2,\"name\":\"Sp\u00e9cialistes des couvre-radiateurs\"}]},{\"@type\":\"WebSite\",\"@id\":\"https:\\\/\\\/emoble.es\\\/fr\\\/#website\",\"url\":\"https:\\\/\\\/emoble.es\\\/fr\\\/\",\"name\":\"Emoble\",\"description\":\"Cubreradiadores a medida online - Emoble.es\",\"publisher\":{\"@id\":\"https:\\\/\\\/emoble.es\\\/fr\\\/#organization\"},\"potentialAction\":[{\"@type\":\"SearchAction\",\"target\":{\"@type\":\"EntryPoint\",\"urlTemplate\":\"https:\\\/\\\/emoble.es\\\/fr\\\/?s={search_term_string}\"},\"query-input\":{\"@type\":\"PropertyValueSpecification\",\"valueRequired\":true,\"valueName\":\"search_term_string\"}}],\"inLanguage\":\"fr-FR\"},{\"@type\":\"Organization\",\"@id\":\"https:\\\/\\\/emoble.es\\\/fr\\\/#organization\",\"name\":\"Emoble\",\"url\":\"https:\\\/\\\/emoble.es\\\/fr\\\/\",\"logo\":{\"@type\":\"ImageObject\",\"inLanguage\":\"fr-FR\",\"@id\":\"https:\\\/\\\/emoble.es\\\/fr\\\/#\\\/schema\\\/logo\\\/image\\\/\",\"url\":\"https:\\\/\\\/emoble.es\\\/wp-content\\\/uploads\\\/2022\\\/03\\\/emoble_logo_positivo.svg\",\"contentUrl\":\"https:\\\/\\\/emoble.es\\\/wp-content\\\/uploads\\\/2022\\\/03\\\/emoble_logo_positivo.svg\",\"width\":486,\"height\":186,\"caption\":\"Emoble\"},\"image\":{\"@id\":\"https:\\\/\\\/emoble.es\\\/fr\\\/#\\\/schema\\\/logo\\\/image\\\/\"}}]}<\/script>\n<!-- \/ Yoast SEO plugin. -->","yoast_head_json":{"title":"Sp\u00e9cialistes des couvre-radiateurs - Emoble","description":"Leaders dans la fabrication de couvre-radiateurs sur mesure. Grand choix de couvre-radiateurs. A partir de 190\u20ac. Vente en ligne. Livraison gratuite dans la p\u00e9ninsule !","robots":{"index":"index","follow":"follow","max-snippet":"max-snippet:-1","max-image-preview":"max-image-preview:large","max-video-preview":"max-video-preview:-1"},"canonical":"https:\/\/emoble.es\/fr\/specialistes-des-couvre-radiateurs\/","og_locale":"fr_FR","og_type":"article","og_title":"Sp\u00e9cialistes des couvre-radiateurs - Emoble","og_description":"Leaders dans la fabrication de couvre-radiateurs sur mesure. Grand choix de couvre-radiateurs. A partir de 190\u20ac. Vente en ligne. Livraison gratuite dans la p\u00e9ninsule !","og_url":"https:\/\/emoble.es\/fr\/specialistes-des-couvre-radiateurs\/","og_site_name":"Emoble","article_modified_time":"2022-04-27T08:19:45+00:00","twitter_card":"summary_large_image","twitter_misc":{"Dur\u00e9e de lecture estim\u00e9e":"2 minutes"},"schema":{"@context":"https:\/\/schema.org","@graph":[{"@type":"WebPage","@id":"https:\/\/emoble.es\/fr\/specialistes-des-couvre-radiateurs\/","url":"https:\/\/emoble.es\/fr\/specialistes-des-couvre-radiateurs\/","name":"Sp\u00e9cialistes des couvre-radiateurs - Emoble","isPartOf":{"@id":"https:\/\/emoble.es\/fr\/#website"},"datePublished":"2022-04-04T15:14:13+00:00","dateModified":"2022-04-27T08:19:45+00:00","description":"Leaders dans la fabrication de couvre-radiateurs sur mesure. Grand choix de couvre-radiateurs. A partir de 190\u20ac. Vente en ligne. Livraison gratuite dans la p\u00e9ninsule !","breadcrumb":{"@id":"https:\/\/emoble.es\/fr\/specialistes-des-couvre-radiateurs\/#breadcrumb"},"inLanguage":"fr-FR","potentialAction":[{"@type":"ReadAction","target":["https:\/\/emoble.es\/fr\/specialistes-des-couvre-radiateurs\/"]}]},{"@type":"BreadcrumbList","@id":"https:\/\/emoble.es\/fr\/specialistes-des-couvre-radiateurs\/#breadcrumb","itemListElement":[{"@type":"ListItem","position":1,"name":"Portada","item":"https:\/\/emoble.es\/fr\/couvertures-de-radiateur-personnalisees-en-ligne-emoble-es\/"},{"@type":"ListItem","position":2,"name":"Sp\u00e9cialistes des couvre-radiateurs"}]},{"@type":"WebSite","@id":"https:\/\/emoble.es\/fr\/#website","url":"https:\/\/emoble.es\/fr\/","name":"Emoble","description":"Cubreradiadores a medida online - Emoble.es","publisher":{"@id":"https:\/\/emoble.es\/fr\/#organization"},"potentialAction":[{"@type":"SearchAction","target":{"@type":"EntryPoint","urlTemplate":"https:\/\/emoble.es\/fr\/?s={search_term_string}"},"query-input":{"@type":"PropertyValueSpecification","valueRequired":true,"valueName":"search_term_string"}}],"inLanguage":"fr-FR"},{"@type":"Organization","@id":"https:\/\/emoble.es\/fr\/#organization","name":"Emoble","url":"https:\/\/emoble.es\/fr\/","logo":{"@type":"ImageObject","inLanguage":"fr-FR","@id":"https:\/\/emoble.es\/fr\/#\/schema\/logo\/image\/","url":"https:\/\/emoble.es\/wp-content\/uploads\/2022\/03\/emoble_logo_positivo.svg","contentUrl":"https:\/\/emoble.es\/wp-content\/uploads\/2022\/03\/emoble_logo_positivo.svg","width":486,"height":186,"caption":"Emoble"},"image":{"@id":"https:\/\/emoble.es\/fr\/#\/schema\/logo\/image\/"}}]}},"acf":[],"_links":{"self":[{"href":"https:\/\/emoble.es\/fr\/wp-json\/wp\/v2\/pages\/9088","targetHints":{"allow":["GET"]}}],"collection":[{"href":"https:\/\/emoble.es\/fr\/wp-json\/wp\/v2\/pages"}],"about":[{"href":"https:\/\/emoble.es\/fr\/wp-json\/wp\/v2\/types\/page"}],"author":[{"embeddable":true,"href":"https:\/\/emoble.es\/fr\/wp-json\/wp\/v2\/users\/1"}],"replies":[{"embeddable":true,"href":"https:\/\/emoble.es\/fr\/wp-json\/wp\/v2\/comments?post=9088"}],"version-history":[{"count":3,"href":"https:\/\/emoble.es\/fr\/wp-json\/wp\/v2\/pages\/9088\/revisions"}],"predecessor-version":[{"id":9091,"href":"https:\/\/emoble.es\/fr\/wp-json\/wp\/v2\/pages\/9088\/revisions\/9091"}],"wp:attachment":[{"href":"https:\/\/emoble.es\/fr\/wp-json\/wp\/v2\/media?parent=9088"}],"curies":[{"name":"wp","href":"https:\/\/api.w.org\/{rel}","templated":true}]}}