{"id":9079,"date":"2022-04-01T07:41:16","date_gmt":"2022-04-01T05:41:16","guid":{"rendered":"https:\/\/emoble.es\/couvertures-de-radiateur-vente-aux-entreprises-et-aux-professionnels\/"},"modified":"2022-04-27T09:33:47","modified_gmt":"2022-04-27T07:33:47","slug":"couvertures-de-radiateur-vente-aux-entreprises-et-aux-professionnels","status":"publish","type":"page","link":"https:\/\/emoble.es\/fr\/couvertures-de-radiateur-vente-aux-entreprises-et-aux-professionnels\/","title":{"rendered":"Couvertures de radiateur : Vente aux entreprises et aux professionnels"},"content":{"rendered":"<p>Aider<\/p>\n<h2>Vente aux entreprises et aux professionnels<\/h2>\n<h2>Professionnels<\/h2>\n<p>\t\tSi vous \u00eates une entreprise d&rsquo;installation de chauffage, un d\u00e9corateur ou un architecte d&rsquo;int\u00e9rieur et que vous \u00eates int\u00e9ress\u00e9 \u00e0 offrir nos produits \u00e0 vos clients, soit pour un projet, soit parce que vos clients en font la demande, remplissez le formulaire suivant et notre service commercial vous contactera et vous informera sur notre forme de collaboration.\t\t<\/p>\n<h2>Entreprises<\/h2>\n<p>\t\tCette section s&rsquo;adresse \u00e9galement aux h\u00f4tels, g\u00eetes ruraux, r\u00e9sidences, auberges, etc. qui souhaitent acheter un minimum de 12 couvre-radiateurs. Emoble vous offre la possibilit\u00e9 d&rsquo;installer ou de renouveler des couvertures de radiateur avec une qualit\u00e9 et un prix imbattables.<br \/>\nEn plus des mod\u00e8les que vous pouvez voir sur notre site Web, nous fabriquons des conceptions sp\u00e9cifiques, selon les besoins, les mesures et les finitions de chaque client.<br \/>\nVous pouvez \u00e9galement contacter notre service commercial en appelant le 961698254.\t\t<\/p>\n<h5>Prenez contact avec nous<\/h5>\n<p>\t\tSi vous souhaitez que nous vous contactions pour vous parler des avantages de la collaboration que nous proposons pour les professionnels ou les entreprises. Remplissez le formulaire sur la page de contact.<\/p>\n","protected":false},"excerpt":{"rendered":"<p>Aider Vente aux entreprises et aux professionnels Professionnels Si vous \u00eates une entreprise d&rsquo;installation de chauffage, un d\u00e9corateur ou un architecte d&rsquo;int\u00e9rieur et que vous \u00eates int\u00e9ress\u00e9 \u00e0 offrir nos produits \u00e0 vos clients, soit pour un projet, soit parce que vos clients en font la demande, remplissez le formulaire suivant et notre service commercial [&hellip;]<\/p>\n","protected":false},"author":1,"featured_media":0,"parent":0,"menu_order":0,"comment_status":"closed","ping_status":"closed","template":"","meta":{"inline_featured_image":false,"ngg_post_thumbnail":0,"footnotes":""},"class_list":["post-9079","page","type-page","status-publish","hentry"],"yoast_head":"<!-- This site is optimized with the Yoast SEO plugin v27.5 - https:\/\/yoast.com\/product\/yoast-seo-wordpress\/ -->\n<title>Couvertures de radiateur : Vente aux entreprises et aux professionnels - Emoble<\/title>\n<meta name=\"description\" content=\"Nous sommes fabricants de cache-radiateurs et nous avons des prix et des avantages exclusifs pour les gros achats des professionnels et des entreprises. V\u00e9rifie \u00e7a!\" \/>\n<meta name=\"robots\" content=\"index, follow, max-snippet:-1, max-image-preview:large, max-video-preview:-1\" \/>\n<link rel=\"canonical\" href=\"https:\/\/emoble.es\/fr\/couvertures-de-radiateur-vente-aux-entreprises-et-aux-professionnels\/\" \/>\n<meta property=\"og:locale\" content=\"fr_FR\" \/>\n<meta property=\"og:type\" content=\"article\" \/>\n<meta property=\"og:title\" content=\"Couvertures de radiateur : Vente aux entreprises et aux professionnels - Emoble\" \/>\n<meta property=\"og:description\" content=\"Nous sommes fabricants de cache-radiateurs et nous avons des prix et des avantages exclusifs pour les gros achats des professionnels et des entreprises. V\u00e9rifie \u00e7a!\" \/>\n<meta property=\"og:url\" content=\"https:\/\/emoble.es\/fr\/couvertures-de-radiateur-vente-aux-entreprises-et-aux-professionnels\/\" \/>\n<meta property=\"og:site_name\" content=\"Emoble\" \/>\n<meta property=\"article:modified_time\" content=\"2022-04-27T07:33:47+00:00\" \/>\n<meta name=\"twitter:card\" content=\"summary_large_image\" \/>\n<meta name=\"twitter:label1\" content=\"Dur\u00e9e de lecture estim\u00e9e\" \/>\n\t<meta name=\"twitter:data1\" content=\"1 minute\" \/>\n<script type=\"application\/ld+json\" class=\"yoast-schema-graph\">{\"@context\":\"https:\\\/\\\/schema.org\",\"@graph\":[{\"@type\":\"WebPage\",\"@id\":\"https:\\\/\\\/emoble.es\\\/fr\\\/couvertures-de-radiateur-vente-aux-entreprises-et-aux-professionnels\\\/\",\"url\":\"https:\\\/\\\/emoble.es\\\/fr\\\/couvertures-de-radiateur-vente-aux-entreprises-et-aux-professionnels\\\/\",\"name\":\"Couvertures de radiateur : Vente aux entreprises et aux professionnels - Emoble\",\"isPartOf\":{\"@id\":\"https:\\\/\\\/emoble.es\\\/fr\\\/#website\"},\"datePublished\":\"2022-04-01T05:41:16+00:00\",\"dateModified\":\"2022-04-27T07:33:47+00:00\",\"description\":\"Nous sommes fabricants de cache-radiateurs et nous avons des prix et des avantages exclusifs pour les gros achats des professionnels et des entreprises. V\u00e9rifie \u00e7a!\",\"breadcrumb\":{\"@id\":\"https:\\\/\\\/emoble.es\\\/fr\\\/couvertures-de-radiateur-vente-aux-entreprises-et-aux-professionnels\\\/#breadcrumb\"},\"inLanguage\":\"fr-FR\",\"potentialAction\":[{\"@type\":\"ReadAction\",\"target\":[\"https:\\\/\\\/emoble.es\\\/fr\\\/couvertures-de-radiateur-vente-aux-entreprises-et-aux-professionnels\\\/\"]}]},{\"@type\":\"BreadcrumbList\",\"@id\":\"https:\\\/\\\/emoble.es\\\/fr\\\/couvertures-de-radiateur-vente-aux-entreprises-et-aux-professionnels\\\/#breadcrumb\",\"itemListElement\":[{\"@type\":\"ListItem\",\"position\":1,\"name\":\"Portada\",\"item\":\"https:\\\/\\\/emoble.es\\\/fr\\\/couvertures-de-radiateur-personnalisees-en-ligne-emoble-es\\\/\"},{\"@type\":\"ListItem\",\"position\":2,\"name\":\"Couvertures de radiateur : Vente aux entreprises et aux professionnels\"}]},{\"@type\":\"WebSite\",\"@id\":\"https:\\\/\\\/emoble.es\\\/fr\\\/#website\",\"url\":\"https:\\\/\\\/emoble.es\\\/fr\\\/\",\"name\":\"Emoble\",\"description\":\"Cubreradiadores a medida online - Emoble.es\",\"publisher\":{\"@id\":\"https:\\\/\\\/emoble.es\\\/fr\\\/#organization\"},\"potentialAction\":[{\"@type\":\"SearchAction\",\"target\":{\"@type\":\"EntryPoint\",\"urlTemplate\":\"https:\\\/\\\/emoble.es\\\/fr\\\/?s={search_term_string}\"},\"query-input\":{\"@type\":\"PropertyValueSpecification\",\"valueRequired\":true,\"valueName\":\"search_term_string\"}}],\"inLanguage\":\"fr-FR\"},{\"@type\":\"Organization\",\"@id\":\"https:\\\/\\\/emoble.es\\\/fr\\\/#organization\",\"name\":\"Emoble\",\"url\":\"https:\\\/\\\/emoble.es\\\/fr\\\/\",\"logo\":{\"@type\":\"ImageObject\",\"inLanguage\":\"fr-FR\",\"@id\":\"https:\\\/\\\/emoble.es\\\/fr\\\/#\\\/schema\\\/logo\\\/image\\\/\",\"url\":\"https:\\\/\\\/emoble.es\\\/wp-content\\\/uploads\\\/2022\\\/03\\\/emoble_logo_positivo.svg\",\"contentUrl\":\"https:\\\/\\\/emoble.es\\\/wp-content\\\/uploads\\\/2022\\\/03\\\/emoble_logo_positivo.svg\",\"width\":486,\"height\":186,\"caption\":\"Emoble\"},\"image\":{\"@id\":\"https:\\\/\\\/emoble.es\\\/fr\\\/#\\\/schema\\\/logo\\\/image\\\/\"}}]}<\/script>\n<!-- \/ Yoast SEO plugin. -->","yoast_head_json":{"title":"Couvertures de radiateur : Vente aux entreprises et aux professionnels - Emoble","description":"Nous sommes fabricants de cache-radiateurs et nous avons des prix et des avantages exclusifs pour les gros achats des professionnels et des entreprises. V\u00e9rifie \u00e7a!","robots":{"index":"index","follow":"follow","max-snippet":"max-snippet:-1","max-image-preview":"max-image-preview:large","max-video-preview":"max-video-preview:-1"},"canonical":"https:\/\/emoble.es\/fr\/couvertures-de-radiateur-vente-aux-entreprises-et-aux-professionnels\/","og_locale":"fr_FR","og_type":"article","og_title":"Couvertures de radiateur : Vente aux entreprises et aux professionnels - Emoble","og_description":"Nous sommes fabricants de cache-radiateurs et nous avons des prix et des avantages exclusifs pour les gros achats des professionnels et des entreprises. V\u00e9rifie \u00e7a!","og_url":"https:\/\/emoble.es\/fr\/couvertures-de-radiateur-vente-aux-entreprises-et-aux-professionnels\/","og_site_name":"Emoble","article_modified_time":"2022-04-27T07:33:47+00:00","twitter_card":"summary_large_image","twitter_misc":{"Dur\u00e9e de lecture estim\u00e9e":"1 minute"},"schema":{"@context":"https:\/\/schema.org","@graph":[{"@type":"WebPage","@id":"https:\/\/emoble.es\/fr\/couvertures-de-radiateur-vente-aux-entreprises-et-aux-professionnels\/","url":"https:\/\/emoble.es\/fr\/couvertures-de-radiateur-vente-aux-entreprises-et-aux-professionnels\/","name":"Couvertures de radiateur : Vente aux entreprises et aux professionnels - Emoble","isPartOf":{"@id":"https:\/\/emoble.es\/fr\/#website"},"datePublished":"2022-04-01T05:41:16+00:00","dateModified":"2022-04-27T07:33:47+00:00","description":"Nous sommes fabricants de cache-radiateurs et nous avons des prix et des avantages exclusifs pour les gros achats des professionnels et des entreprises. V\u00e9rifie \u00e7a!","breadcrumb":{"@id":"https:\/\/emoble.es\/fr\/couvertures-de-radiateur-vente-aux-entreprises-et-aux-professionnels\/#breadcrumb"},"inLanguage":"fr-FR","potentialAction":[{"@type":"ReadAction","target":["https:\/\/emoble.es\/fr\/couvertures-de-radiateur-vente-aux-entreprises-et-aux-professionnels\/"]}]},{"@type":"BreadcrumbList","@id":"https:\/\/emoble.es\/fr\/couvertures-de-radiateur-vente-aux-entreprises-et-aux-professionnels\/#breadcrumb","itemListElement":[{"@type":"ListItem","position":1,"name":"Portada","item":"https:\/\/emoble.es\/fr\/couvertures-de-radiateur-personnalisees-en-ligne-emoble-es\/"},{"@type":"ListItem","position":2,"name":"Couvertures de radiateur : Vente aux entreprises et aux professionnels"}]},{"@type":"WebSite","@id":"https:\/\/emoble.es\/fr\/#website","url":"https:\/\/emoble.es\/fr\/","name":"Emoble","description":"Cubreradiadores a medida online - Emoble.es","publisher":{"@id":"https:\/\/emoble.es\/fr\/#organization"},"potentialAction":[{"@type":"SearchAction","target":{"@type":"EntryPoint","urlTemplate":"https:\/\/emoble.es\/fr\/?s={search_term_string}"},"query-input":{"@type":"PropertyValueSpecification","valueRequired":true,"valueName":"search_term_string"}}],"inLanguage":"fr-FR"},{"@type":"Organization","@id":"https:\/\/emoble.es\/fr\/#organization","name":"Emoble","url":"https:\/\/emoble.es\/fr\/","logo":{"@type":"ImageObject","inLanguage":"fr-FR","@id":"https:\/\/emoble.es\/fr\/#\/schema\/logo\/image\/","url":"https:\/\/emoble.es\/wp-content\/uploads\/2022\/03\/emoble_logo_positivo.svg","contentUrl":"https:\/\/emoble.es\/wp-content\/uploads\/2022\/03\/emoble_logo_positivo.svg","width":486,"height":186,"caption":"Emoble"},"image":{"@id":"https:\/\/emoble.es\/fr\/#\/schema\/logo\/image\/"}}]}},"acf":[],"_links":{"self":[{"href":"https:\/\/emoble.es\/fr\/wp-json\/wp\/v2\/pages\/9079","targetHints":{"allow":["GET"]}}],"collection":[{"href":"https:\/\/emoble.es\/fr\/wp-json\/wp\/v2\/pages"}],"about":[{"href":"https:\/\/emoble.es\/fr\/wp-json\/wp\/v2\/types\/page"}],"author":[{"embeddable":true,"href":"https:\/\/emoble.es\/fr\/wp-json\/wp\/v2\/users\/1"}],"replies":[{"embeddable":true,"href":"https:\/\/emoble.es\/fr\/wp-json\/wp\/v2\/comments?post=9079"}],"version-history":[{"count":3,"href":"https:\/\/emoble.es\/fr\/wp-json\/wp\/v2\/pages\/9079\/revisions"}],"predecessor-version":[{"id":9082,"href":"https:\/\/emoble.es\/fr\/wp-json\/wp\/v2\/pages\/9079\/revisions\/9082"}],"wp:attachment":[{"href":"https:\/\/emoble.es\/fr\/wp-json\/wp\/v2\/media?parent=9079"}],"curies":[{"name":"wp","href":"https:\/\/api.w.org\/{rel}","templated":true}]}}