{"id":9073,"date":"2022-04-13T19:57:09","date_gmt":"2022-04-13T17:57:09","guid":{"rendered":"https:\/\/emoble.es\/combien-coute-une-housse-de-radiateur-emoble\/"},"modified":"2022-04-27T09:01:15","modified_gmt":"2022-04-27T07:01:15","slug":"combien-coute-une-housse-de-radiateur-emoble","status":"publish","type":"page","link":"https:\/\/emoble.es\/fr\/combien-coute-une-housse-de-radiateur-emoble\/","title":{"rendered":"Combien co\u00fbte une housse de radiateur Emoble ?"},"content":{"rendered":"<style>\/*! elementor - v3.6.4 - 13-04-2022 *\/\n.elementor-heading-title{padding:0;margin:0;line-height:1}.elementor-widget-heading .elementor-heading-title[class*=elementor-size-]>a{color:inherit;font-size:inherit;line-height:inherit}.elementor-widget-heading .elementor-heading-title.elementor-size-small{font-size:15px}.elementor-widget-heading .elementor-heading-title.elementor-size-medium{font-size:19px}.elementor-widget-heading .elementor-heading-title.elementor-size-large{font-size:29px}.elementor-widget-heading .elementor-heading-title.elementor-size-xl{font-size:39px}.elementor-widget-heading .elementor-heading-title.elementor-size-xxl{font-size:59px}<\/style>\n<h2>Combien co\u00fbte une housse de radiateur Emoble ?<\/h2>\n<h2>Pourquoi n&rsquo;y a-t-il pas de prix sur la page ?<\/h2>\n<p>Comme vous le verrez nos prix ne sont pas publi\u00e9s, la raison est tr\u00e8s simple ; Nous fabriquons des meubles sur mesure. Afin de fixer les prix, un logiciel tr\u00e8s complexe serait n\u00e9cessaire pour calculer le prix de chaque cache-radiateur en fonction de la taille, car nous n&rsquo;avons pas de prix en g\u00e9n\u00e9ral pour chaque conception, mais plut\u00f4t nous les ajustons autant que possible pour \u00eatre en mesure d&rsquo;offrir les meilleurs prix \u00e0 nos clients.<\/p>\n<style>\/*! elementor - v3.6.4 - 13-04-2022 *\/\n.elementor-widget-image{text-align:center}.elementor-widget-image a{display:inline-block}.elementor-widget-image a img[src$=\".svg\"]{width:48px}.elementor-widget-image img{vertical-align:middle;display:inline-block}<\/style>\n<p>\t\t\t\t\t\t\t\t\t\t\t\t<img loading=\"lazy\" decoding=\"async\" width=\"152\" height=\"141\" src=\"https:\/\/emoble.es\/wp-content\/uploads\/\/ico_cuanto_vale.svg\" alt=\"\" loading=\"lazy\" \/>\t\t\t\t\t\t\t\t\t\t\t\t\t\t\t<\/p>\n<h2>Combien co\u00fbte une housse de radiateur Emoble ?<\/h2>\n<p>Cela d\u00e9pend de certaines choses; comme le mod\u00e8le, les mensurations ou la finition, mais pour vous donner une id\u00e9e, entre 250 et 500 euros.<\/p>\n<p>Il existe des mod\u00e8les plus simples et donc moins chers comme le Tetra ou le Lucern qui en petites tailles peuvent co\u00fbter moins de 300 euros. Des mod\u00e8les comme l&rsquo;Eline ou le Lineo co\u00fbteront un peu plus de 300 euros. Et les mod\u00e8les classiques qui demandent beaucoup plus de travail et de d\u00e9tails, ainsi que des mat\u00e9riaux plus chers, co\u00fbteront \u00e0 partir de 400 euros. Les \u00e9tag\u00e8res et vitrines ne sortiront pas \u00e0 moins de 800 euros.<\/p>\n<p>Nous donnons toujours des prix avec TVA et frais de port inclus.<\/p>\n<p>Nous ne sommes pas bon march\u00e9, nous fabriquons des meubles de qualit\u00e9 et durables, sur mesure et en Espagne, donc avec votre achat, vous favorisez l&#8217;emploi et la durabilit\u00e9 de l&rsquo;industrie espagnole.<\/p>\n<p>Nous utilisons les meilleurs mat\u00e9riaux de qualit\u00e9 provenant de fournisseurs proches de nos installations, r\u00e9duisant ainsi notre empreinte carbone. Nous traitons tous nos d\u00e9chets avec des entreprises sp\u00e9cialis\u00e9es. Nos employ\u00e9s travaillent dans des conditions saines et des salaires adapt\u00e9s \u00e0 leurs capacit\u00e9s et responsabilit\u00e9s selon leur sp\u00e9cialisation. Nos installations sont adapt\u00e9es \u00e0 la r\u00e9glementation en vigueur en mati\u00e8re de s\u00e9curit\u00e9 au travail et \u00e0 tout ce qui marque l&rsquo;industrie.<\/p>\n<p>Vous pouvez demander un devis sans engagement et nous vous r\u00e9pondrons dans les 12 heures suivant la r\u00e9ception si ce n&rsquo;est pas un jour f\u00e9ri\u00e9.<\/p>\n","protected":false},"excerpt":{"rendered":"<p>Combien co\u00fbte une housse de radiateur Emoble ? Pourquoi n&rsquo;y a-t-il pas de prix sur la page ? Comme vous le verrez nos prix ne sont pas publi\u00e9s, la raison est tr\u00e8s simple ; Nous fabriquons des meubles sur mesure. Afin de fixer les prix, un logiciel tr\u00e8s complexe serait n\u00e9cessaire pour calculer le prix [&hellip;]<\/p>\n","protected":false},"author":1,"featured_media":0,"parent":0,"menu_order":0,"comment_status":"closed","ping_status":"closed","template":"","meta":{"inline_featured_image":false,"ngg_post_thumbnail":0,"footnotes":""},"class_list":["post-9073","page","type-page","status-publish","hentry"],"yoast_head":"<!-- This site is optimized with the Yoast SEO plugin v27.4 - https:\/\/yoast.com\/product\/yoast-seo-wordpress\/ -->\n<title>Combien co\u00fbte une housse de radiateur Emoble ? - Emoble<\/title>\n<meta name=\"robots\" content=\"index, follow, max-snippet:-1, max-image-preview:large, max-video-preview:-1\" \/>\n<link rel=\"canonical\" href=\"https:\/\/emoble.es\/fr\/combien-coute-une-housse-de-radiateur-emoble\/\" \/>\n<meta property=\"og:locale\" content=\"fr_FR\" \/>\n<meta property=\"og:type\" content=\"article\" \/>\n<meta property=\"og:title\" content=\"Combien co\u00fbte une housse de radiateur Emoble ? - Emoble\" \/>\n<meta property=\"og:description\" content=\"Combien co\u00fbte une housse de radiateur Emoble ? Pourquoi n&rsquo;y a-t-il pas de prix sur la page ? Comme vous le verrez nos prix ne sont pas publi\u00e9s, la raison est tr\u00e8s simple ; Nous fabriquons des meubles sur mesure. Afin de fixer les prix, un logiciel tr\u00e8s complexe serait n\u00e9cessaire pour calculer le prix [&hellip;]\" \/>\n<meta property=\"og:url\" content=\"https:\/\/emoble.es\/fr\/combien-coute-une-housse-de-radiateur-emoble\/\" \/>\n<meta property=\"og:site_name\" content=\"Emoble\" \/>\n<meta property=\"article:modified_time\" content=\"2022-04-27T07:01:15+00:00\" \/>\n<meta property=\"og:image\" content=\"https:\/\/emoble.es\/wp-content\/uploads\/2022\/04\/ico_cuanto_vale.svg\" \/>\n<meta name=\"twitter:card\" content=\"summary_large_image\" \/>\n<meta name=\"twitter:label1\" content=\"Dur\u00e9e de lecture estim\u00e9e\" \/>\n\t<meta name=\"twitter:data1\" content=\"2 minutes\" \/>\n<script type=\"application\/ld+json\" class=\"yoast-schema-graph\">{\"@context\":\"https:\\\/\\\/schema.org\",\"@graph\":[{\"@type\":\"WebPage\",\"@id\":\"https:\\\/\\\/emoble.es\\\/fr\\\/combien-coute-une-housse-de-radiateur-emoble\\\/\",\"url\":\"https:\\\/\\\/emoble.es\\\/fr\\\/combien-coute-une-housse-de-radiateur-emoble\\\/\",\"name\":\"Combien co\u00fbte une housse de radiateur Emoble ? - Emoble\",\"isPartOf\":{\"@id\":\"https:\\\/\\\/emoble.es\\\/fr\\\/#website\"},\"primaryImageOfPage\":{\"@id\":\"https:\\\/\\\/emoble.es\\\/fr\\\/combien-coute-une-housse-de-radiateur-emoble\\\/#primaryimage\"},\"image\":{\"@id\":\"https:\\\/\\\/emoble.es\\\/fr\\\/combien-coute-une-housse-de-radiateur-emoble\\\/#primaryimage\"},\"thumbnailUrl\":\"https:\\\/\\\/emoble.es\\\/wp-content\\\/uploads\\\/\\\/ico_cuanto_vale.svg\",\"datePublished\":\"2022-04-13T17:57:09+00:00\",\"dateModified\":\"2022-04-27T07:01:15+00:00\",\"breadcrumb\":{\"@id\":\"https:\\\/\\\/emoble.es\\\/fr\\\/combien-coute-une-housse-de-radiateur-emoble\\\/#breadcrumb\"},\"inLanguage\":\"fr-FR\",\"potentialAction\":[{\"@type\":\"ReadAction\",\"target\":[\"https:\\\/\\\/emoble.es\\\/fr\\\/combien-coute-une-housse-de-radiateur-emoble\\\/\"]}]},{\"@type\":\"ImageObject\",\"inLanguage\":\"fr-FR\",\"@id\":\"https:\\\/\\\/emoble.es\\\/fr\\\/combien-coute-une-housse-de-radiateur-emoble\\\/#primaryimage\",\"url\":\"https:\\\/\\\/emoble.es\\\/wp-content\\\/uploads\\\/\\\/ico_cuanto_vale.svg\",\"contentUrl\":\"https:\\\/\\\/emoble.es\\\/wp-content\\\/uploads\\\/\\\/ico_cuanto_vale.svg\"},{\"@type\":\"BreadcrumbList\",\"@id\":\"https:\\\/\\\/emoble.es\\\/fr\\\/combien-coute-une-housse-de-radiateur-emoble\\\/#breadcrumb\",\"itemListElement\":[{\"@type\":\"ListItem\",\"position\":1,\"name\":\"Portada\",\"item\":\"https:\\\/\\\/emoble.es\\\/fr\\\/couvertures-de-radiateur-personnalisees-en-ligne-emoble-es\\\/\"},{\"@type\":\"ListItem\",\"position\":2,\"name\":\"Combien co\u00fbte une housse de radiateur Emoble ?\"}]},{\"@type\":\"WebSite\",\"@id\":\"https:\\\/\\\/emoble.es\\\/fr\\\/#website\",\"url\":\"https:\\\/\\\/emoble.es\\\/fr\\\/\",\"name\":\"Emoble\",\"description\":\"Cubreradiadores a medida online - Emoble.es\",\"publisher\":{\"@id\":\"https:\\\/\\\/emoble.es\\\/fr\\\/#organization\"},\"potentialAction\":[{\"@type\":\"SearchAction\",\"target\":{\"@type\":\"EntryPoint\",\"urlTemplate\":\"https:\\\/\\\/emoble.es\\\/fr\\\/?s={search_term_string}\"},\"query-input\":{\"@type\":\"PropertyValueSpecification\",\"valueRequired\":true,\"valueName\":\"search_term_string\"}}],\"inLanguage\":\"fr-FR\"},{\"@type\":\"Organization\",\"@id\":\"https:\\\/\\\/emoble.es\\\/fr\\\/#organization\",\"name\":\"Emoble\",\"url\":\"https:\\\/\\\/emoble.es\\\/fr\\\/\",\"logo\":{\"@type\":\"ImageObject\",\"inLanguage\":\"fr-FR\",\"@id\":\"https:\\\/\\\/emoble.es\\\/fr\\\/#\\\/schema\\\/logo\\\/image\\\/\",\"url\":\"https:\\\/\\\/emoble.es\\\/wp-content\\\/uploads\\\/2022\\\/03\\\/emoble_logo_positivo.svg\",\"contentUrl\":\"https:\\\/\\\/emoble.es\\\/wp-content\\\/uploads\\\/2022\\\/03\\\/emoble_logo_positivo.svg\",\"width\":486,\"height\":186,\"caption\":\"Emoble\"},\"image\":{\"@id\":\"https:\\\/\\\/emoble.es\\\/fr\\\/#\\\/schema\\\/logo\\\/image\\\/\"}}]}<\/script>\n<!-- \/ Yoast SEO plugin. -->","yoast_head_json":{"title":"Combien co\u00fbte une housse de radiateur Emoble ? - Emoble","robots":{"index":"index","follow":"follow","max-snippet":"max-snippet:-1","max-image-preview":"max-image-preview:large","max-video-preview":"max-video-preview:-1"},"canonical":"https:\/\/emoble.es\/fr\/combien-coute-une-housse-de-radiateur-emoble\/","og_locale":"fr_FR","og_type":"article","og_title":"Combien co\u00fbte une housse de radiateur Emoble ? - Emoble","og_description":"Combien co\u00fbte une housse de radiateur Emoble ? Pourquoi n&rsquo;y a-t-il pas de prix sur la page ? Comme vous le verrez nos prix ne sont pas publi\u00e9s, la raison est tr\u00e8s simple ; Nous fabriquons des meubles sur mesure. Afin de fixer les prix, un logiciel tr\u00e8s complexe serait n\u00e9cessaire pour calculer le prix [&hellip;]","og_url":"https:\/\/emoble.es\/fr\/combien-coute-une-housse-de-radiateur-emoble\/","og_site_name":"Emoble","article_modified_time":"2022-04-27T07:01:15+00:00","og_image":[{"url":"https:\/\/emoble.es\/wp-content\/uploads\/2022\/04\/ico_cuanto_vale.svg","type":"","width":"","height":""}],"twitter_card":"summary_large_image","twitter_misc":{"Dur\u00e9e de lecture estim\u00e9e":"2 minutes"},"schema":{"@context":"https:\/\/schema.org","@graph":[{"@type":"WebPage","@id":"https:\/\/emoble.es\/fr\/combien-coute-une-housse-de-radiateur-emoble\/","url":"https:\/\/emoble.es\/fr\/combien-coute-une-housse-de-radiateur-emoble\/","name":"Combien co\u00fbte une housse de radiateur Emoble ? - Emoble","isPartOf":{"@id":"https:\/\/emoble.es\/fr\/#website"},"primaryImageOfPage":{"@id":"https:\/\/emoble.es\/fr\/combien-coute-une-housse-de-radiateur-emoble\/#primaryimage"},"image":{"@id":"https:\/\/emoble.es\/fr\/combien-coute-une-housse-de-radiateur-emoble\/#primaryimage"},"thumbnailUrl":"https:\/\/emoble.es\/wp-content\/uploads\/\/ico_cuanto_vale.svg","datePublished":"2022-04-13T17:57:09+00:00","dateModified":"2022-04-27T07:01:15+00:00","breadcrumb":{"@id":"https:\/\/emoble.es\/fr\/combien-coute-une-housse-de-radiateur-emoble\/#breadcrumb"},"inLanguage":"fr-FR","potentialAction":[{"@type":"ReadAction","target":["https:\/\/emoble.es\/fr\/combien-coute-une-housse-de-radiateur-emoble\/"]}]},{"@type":"ImageObject","inLanguage":"fr-FR","@id":"https:\/\/emoble.es\/fr\/combien-coute-une-housse-de-radiateur-emoble\/#primaryimage","url":"https:\/\/emoble.es\/wp-content\/uploads\/\/ico_cuanto_vale.svg","contentUrl":"https:\/\/emoble.es\/wp-content\/uploads\/\/ico_cuanto_vale.svg"},{"@type":"BreadcrumbList","@id":"https:\/\/emoble.es\/fr\/combien-coute-une-housse-de-radiateur-emoble\/#breadcrumb","itemListElement":[{"@type":"ListItem","position":1,"name":"Portada","item":"https:\/\/emoble.es\/fr\/couvertures-de-radiateur-personnalisees-en-ligne-emoble-es\/"},{"@type":"ListItem","position":2,"name":"Combien co\u00fbte une housse de radiateur Emoble ?"}]},{"@type":"WebSite","@id":"https:\/\/emoble.es\/fr\/#website","url":"https:\/\/emoble.es\/fr\/","name":"Emoble","description":"Cubreradiadores a medida online - Emoble.es","publisher":{"@id":"https:\/\/emoble.es\/fr\/#organization"},"potentialAction":[{"@type":"SearchAction","target":{"@type":"EntryPoint","urlTemplate":"https:\/\/emoble.es\/fr\/?s={search_term_string}"},"query-input":{"@type":"PropertyValueSpecification","valueRequired":true,"valueName":"search_term_string"}}],"inLanguage":"fr-FR"},{"@type":"Organization","@id":"https:\/\/emoble.es\/fr\/#organization","name":"Emoble","url":"https:\/\/emoble.es\/fr\/","logo":{"@type":"ImageObject","inLanguage":"fr-FR","@id":"https:\/\/emoble.es\/fr\/#\/schema\/logo\/image\/","url":"https:\/\/emoble.es\/wp-content\/uploads\/2022\/03\/emoble_logo_positivo.svg","contentUrl":"https:\/\/emoble.es\/wp-content\/uploads\/2022\/03\/emoble_logo_positivo.svg","width":486,"height":186,"caption":"Emoble"},"image":{"@id":"https:\/\/emoble.es\/fr\/#\/schema\/logo\/image\/"}}]}},"acf":[],"_links":{"self":[{"href":"https:\/\/emoble.es\/fr\/wp-json\/wp\/v2\/pages\/9073","targetHints":{"allow":["GET"]}}],"collection":[{"href":"https:\/\/emoble.es\/fr\/wp-json\/wp\/v2\/pages"}],"about":[{"href":"https:\/\/emoble.es\/fr\/wp-json\/wp\/v2\/types\/page"}],"author":[{"embeddable":true,"href":"https:\/\/emoble.es\/fr\/wp-json\/wp\/v2\/users\/1"}],"replies":[{"embeddable":true,"href":"https:\/\/emoble.es\/fr\/wp-json\/wp\/v2\/comments?post=9073"}],"version-history":[{"count":1,"href":"https:\/\/emoble.es\/fr\/wp-json\/wp\/v2\/pages\/9073\/revisions"}],"predecessor-version":[{"id":9074,"href":"https:\/\/emoble.es\/fr\/wp-json\/wp\/v2\/pages\/9073\/revisions\/9074"}],"wp:attachment":[{"href":"https:\/\/emoble.es\/fr\/wp-json\/wp\/v2\/media?parent=9073"}],"curies":[{"name":"wp","href":"https:\/\/api.w.org\/{rel}","templated":true}]}}