{"id":9059,"date":"2022-04-01T07:29:01","date_gmt":"2022-04-01T05:29:01","guid":{"rendered":"https:\/\/emoble.es\/comment-acheter-sur-emoble\/"},"modified":"2022-04-27T07:37:39","modified_gmt":"2022-04-27T05:37:39","slug":"comment-acheter-sur-emoble","status":"publish","type":"page","link":"https:\/\/emoble.es\/fr\/comment-acheter-sur-emoble\/","title":{"rendered":"Comment acheter sur Emoble"},"content":{"rendered":"<p>Aider<\/p>\n<h2>Comment acheter sur Emoble<\/h2>\n<h2>Un processus d&rsquo;achat simple et fiable.<br \/>\nPlus c&rsquo;est clair, plus c&rsquo;est satisfaisant<\/h2>\n<p>\t\tCi-dessous, nous expliquons les \u00e9tapes \u00e0 suivre pour acheter un cache-radiateur chez Emoble. C&rsquo;est tr\u00e8s simple, en quelques \u00e9tapes, vous aurez votre cache-radiateur \u00e0 la maison.\t\t<\/p>\n<h5>1. Choisissez la collection de cache-radiateurs que vous aimez le plus<\/h5>\n<p>\t\tDans chaque collection, vous avez le choix entre diff\u00e9rents mod\u00e8les.\t\t<\/p>\n<h5>2. S\u00e9lectionnez le mod\u00e8le que vous aimez<\/h5>\n<p>\t\tO\u00f9 vous pouvez voir les d\u00e9tails pour conna\u00eetre toutes les caract\u00e9ristiques techniques du cache-radiateur choisi. (finitions, mesures, etc.). Vous pouvez \u00e9galement voir plus de photos du mod\u00e8le, avec diff\u00e9rentes finitions et d\u00e9tails.\t\t<\/p>\n<h5>3. Cliquez sur demander un devis<\/h5>\n<p>\t\tLorsque vous avez d\u00e9cid\u00e9 du mod\u00e8le que vous souhaitez, suivez les \u00e9tapes que nous vous indiquons pour demander un devis.\t\t<\/p>\n<h5>4. Nous vous envoyons un e-mail de confirmation<\/h5>\n<p>\t\tVous savez donc que nos techniciens examinent et pr\u00e9parent votre budget.\t\t<\/p>\n<h5>5. Nous vous envoyons le budget<\/h5>\n<p>\t\tDans un d\u00e9lai maximum de 12 heures \u00e0 compter de votre demande, dans lequel il sera d\u00e9taill\u00e9, num\u00e9ro de budget, mesures, finitions, prix, photo du mod\u00e8le choisi, mode de paiement et conditions g\u00e9n\u00e9rales\t\t<\/p>\n<h5>6. Pour confirmer le devis s&rsquo;il est correct et passer commande<\/h5>\n<p>\t\tIl vous suffit de cliquer sur le lien dans l&rsquo;e-mail que nous vous avons envoy\u00e9 le budget et de suivre les \u00e9tapes que nous indiquons sur le Web pour passer la commande.\t\t<\/p>\n<h5>7. Ensuite, vous recevrez un autre e-mail de votre commande<\/h5>\n<p>\t\tPour que vous v\u00e9rifiiez \u00e0 nouveau que tout est correct et que vous puissiez effectuer le premier paiement conform\u00e9ment \u00e0 la commande, afin que nous puissions mettre votre cache-radiateur en production.<br \/>\nA partir de ce moment, nous vous tiendrons inform\u00e9s de la date de fabrication et de la date de livraison de votre commande.Nous comprenons qu&rsquo;avec ce processus d&rsquo;achat, il est impossible qu&rsquo;il y ait une erreur dans l&rsquo;achat d&rsquo;un cache-radiateur sur mesure. Pour vous comme pour nous, nous v\u00e9rifions toutes les caract\u00e9ristiques du cache-radiateur que vous souhaitez acheter (dans le budget et la confirmation de commande). Par cons\u00e9quent, c&rsquo;est l&rsquo;une des choses qui nous diff\u00e9rencie du reste d&rsquo;une autre entreprise pour effectuer l&rsquo;achat. Nous prenons soin et sommes en contact \u00e9troit avec notre client, jusqu&rsquo;\u00e0 la livraison de votre meuble.<\/p>\n","protected":false},"excerpt":{"rendered":"<p>Aider Comment acheter sur Emoble Un processus d&rsquo;achat simple et fiable. Plus c&rsquo;est clair, plus c&rsquo;est satisfaisant Ci-dessous, nous expliquons les \u00e9tapes \u00e0 suivre pour acheter un cache-radiateur chez Emoble. C&rsquo;est tr\u00e8s simple, en quelques \u00e9tapes, vous aurez votre cache-radiateur \u00e0 la maison. 1. Choisissez la collection de cache-radiateurs que vous aimez le plus Dans [&hellip;]<\/p>\n","protected":false},"author":1,"featured_media":0,"parent":0,"menu_order":0,"comment_status":"closed","ping_status":"closed","template":"","meta":{"inline_featured_image":false,"ngg_post_thumbnail":0,"footnotes":""},"class_list":["post-9059","page","type-page","status-publish","hentry"],"yoast_head":"<!-- This site is optimized with the Yoast SEO plugin v27.4 - https:\/\/yoast.com\/product\/yoast-seo-wordpress\/ -->\n<title>Comment acheter sur Emoble - Emoble<\/title>\n<meta name=\"description\" content=\"Guide d&#039;achat de cache-radiateur Emoble. En quelques \u00e9tapes simples, vous pouvez demander un devis sur le mod\u00e8le que vous souhaitez. Nous exp\u00e9dions dans toute l&#039;Espagne... gratuitement !\" \/>\n<meta name=\"robots\" content=\"index, follow, max-snippet:-1, max-image-preview:large, max-video-preview:-1\" \/>\n<link rel=\"canonical\" href=\"https:\/\/emoble.es\/fr\/comment-acheter-sur-emoble\/\" \/>\n<meta property=\"og:locale\" content=\"fr_FR\" \/>\n<meta property=\"og:type\" content=\"article\" \/>\n<meta property=\"og:title\" content=\"Comment acheter sur Emoble - Emoble\" \/>\n<meta property=\"og:description\" content=\"Guide d&#039;achat de cache-radiateur Emoble. En quelques \u00e9tapes simples, vous pouvez demander un devis sur le mod\u00e8le que vous souhaitez. Nous exp\u00e9dions dans toute l&#039;Espagne... gratuitement !\" \/>\n<meta property=\"og:url\" content=\"https:\/\/emoble.es\/fr\/comment-acheter-sur-emoble\/\" \/>\n<meta property=\"og:site_name\" content=\"Emoble\" \/>\n<meta property=\"article:modified_time\" content=\"2022-04-27T05:37:39+00:00\" \/>\n<meta name=\"twitter:card\" content=\"summary_large_image\" \/>\n<meta name=\"twitter:label1\" content=\"Dur\u00e9e de lecture estim\u00e9e\" \/>\n\t<meta name=\"twitter:data1\" content=\"2 minutes\" \/>\n<script type=\"application\/ld+json\" class=\"yoast-schema-graph\">{\"@context\":\"https:\\\/\\\/schema.org\",\"@graph\":[{\"@type\":\"WebPage\",\"@id\":\"https:\\\/\\\/emoble.es\\\/fr\\\/comment-acheter-sur-emoble\\\/\",\"url\":\"https:\\\/\\\/emoble.es\\\/fr\\\/comment-acheter-sur-emoble\\\/\",\"name\":\"Comment acheter sur Emoble - Emoble\",\"isPartOf\":{\"@id\":\"https:\\\/\\\/emoble.es\\\/fr\\\/#website\"},\"datePublished\":\"2022-04-01T05:29:01+00:00\",\"dateModified\":\"2022-04-27T05:37:39+00:00\",\"description\":\"Guide d'achat de cache-radiateur Emoble. En quelques \u00e9tapes simples, vous pouvez demander un devis sur le mod\u00e8le que vous souhaitez. Nous exp\u00e9dions dans toute l'Espagne... gratuitement !\",\"breadcrumb\":{\"@id\":\"https:\\\/\\\/emoble.es\\\/fr\\\/comment-acheter-sur-emoble\\\/#breadcrumb\"},\"inLanguage\":\"fr-FR\",\"potentialAction\":[{\"@type\":\"ReadAction\",\"target\":[\"https:\\\/\\\/emoble.es\\\/fr\\\/comment-acheter-sur-emoble\\\/\"]}]},{\"@type\":\"BreadcrumbList\",\"@id\":\"https:\\\/\\\/emoble.es\\\/fr\\\/comment-acheter-sur-emoble\\\/#breadcrumb\",\"itemListElement\":[{\"@type\":\"ListItem\",\"position\":1,\"name\":\"Portada\",\"item\":\"https:\\\/\\\/emoble.es\\\/fr\\\/couvertures-de-radiateur-personnalisees-en-ligne-emoble-es\\\/\"},{\"@type\":\"ListItem\",\"position\":2,\"name\":\"Comment acheter sur Emoble\"}]},{\"@type\":\"WebSite\",\"@id\":\"https:\\\/\\\/emoble.es\\\/fr\\\/#website\",\"url\":\"https:\\\/\\\/emoble.es\\\/fr\\\/\",\"name\":\"Emoble\",\"description\":\"Cubreradiadores a medida online - Emoble.es\",\"publisher\":{\"@id\":\"https:\\\/\\\/emoble.es\\\/fr\\\/#organization\"},\"potentialAction\":[{\"@type\":\"SearchAction\",\"target\":{\"@type\":\"EntryPoint\",\"urlTemplate\":\"https:\\\/\\\/emoble.es\\\/fr\\\/?s={search_term_string}\"},\"query-input\":{\"@type\":\"PropertyValueSpecification\",\"valueRequired\":true,\"valueName\":\"search_term_string\"}}],\"inLanguage\":\"fr-FR\"},{\"@type\":\"Organization\",\"@id\":\"https:\\\/\\\/emoble.es\\\/fr\\\/#organization\",\"name\":\"Emoble\",\"url\":\"https:\\\/\\\/emoble.es\\\/fr\\\/\",\"logo\":{\"@type\":\"ImageObject\",\"inLanguage\":\"fr-FR\",\"@id\":\"https:\\\/\\\/emoble.es\\\/fr\\\/#\\\/schema\\\/logo\\\/image\\\/\",\"url\":\"https:\\\/\\\/emoble.es\\\/wp-content\\\/uploads\\\/2022\\\/03\\\/emoble_logo_positivo.svg\",\"contentUrl\":\"https:\\\/\\\/emoble.es\\\/wp-content\\\/uploads\\\/2022\\\/03\\\/emoble_logo_positivo.svg\",\"width\":486,\"height\":186,\"caption\":\"Emoble\"},\"image\":{\"@id\":\"https:\\\/\\\/emoble.es\\\/fr\\\/#\\\/schema\\\/logo\\\/image\\\/\"}}]}<\/script>\n<!-- \/ Yoast SEO plugin. -->","yoast_head_json":{"title":"Comment acheter sur Emoble - Emoble","description":"Guide d'achat de cache-radiateur Emoble. En quelques \u00e9tapes simples, vous pouvez demander un devis sur le mod\u00e8le que vous souhaitez. Nous exp\u00e9dions dans toute l'Espagne... gratuitement !","robots":{"index":"index","follow":"follow","max-snippet":"max-snippet:-1","max-image-preview":"max-image-preview:large","max-video-preview":"max-video-preview:-1"},"canonical":"https:\/\/emoble.es\/fr\/comment-acheter-sur-emoble\/","og_locale":"fr_FR","og_type":"article","og_title":"Comment acheter sur Emoble - Emoble","og_description":"Guide d'achat de cache-radiateur Emoble. En quelques \u00e9tapes simples, vous pouvez demander un devis sur le mod\u00e8le que vous souhaitez. Nous exp\u00e9dions dans toute l'Espagne... gratuitement !","og_url":"https:\/\/emoble.es\/fr\/comment-acheter-sur-emoble\/","og_site_name":"Emoble","article_modified_time":"2022-04-27T05:37:39+00:00","twitter_card":"summary_large_image","twitter_misc":{"Dur\u00e9e de lecture estim\u00e9e":"2 minutes"},"schema":{"@context":"https:\/\/schema.org","@graph":[{"@type":"WebPage","@id":"https:\/\/emoble.es\/fr\/comment-acheter-sur-emoble\/","url":"https:\/\/emoble.es\/fr\/comment-acheter-sur-emoble\/","name":"Comment acheter sur Emoble - Emoble","isPartOf":{"@id":"https:\/\/emoble.es\/fr\/#website"},"datePublished":"2022-04-01T05:29:01+00:00","dateModified":"2022-04-27T05:37:39+00:00","description":"Guide d'achat de cache-radiateur Emoble. En quelques \u00e9tapes simples, vous pouvez demander un devis sur le mod\u00e8le que vous souhaitez. Nous exp\u00e9dions dans toute l'Espagne... gratuitement !","breadcrumb":{"@id":"https:\/\/emoble.es\/fr\/comment-acheter-sur-emoble\/#breadcrumb"},"inLanguage":"fr-FR","potentialAction":[{"@type":"ReadAction","target":["https:\/\/emoble.es\/fr\/comment-acheter-sur-emoble\/"]}]},{"@type":"BreadcrumbList","@id":"https:\/\/emoble.es\/fr\/comment-acheter-sur-emoble\/#breadcrumb","itemListElement":[{"@type":"ListItem","position":1,"name":"Portada","item":"https:\/\/emoble.es\/fr\/couvertures-de-radiateur-personnalisees-en-ligne-emoble-es\/"},{"@type":"ListItem","position":2,"name":"Comment acheter sur Emoble"}]},{"@type":"WebSite","@id":"https:\/\/emoble.es\/fr\/#website","url":"https:\/\/emoble.es\/fr\/","name":"Emoble","description":"Cubreradiadores a medida online - Emoble.es","publisher":{"@id":"https:\/\/emoble.es\/fr\/#organization"},"potentialAction":[{"@type":"SearchAction","target":{"@type":"EntryPoint","urlTemplate":"https:\/\/emoble.es\/fr\/?s={search_term_string}"},"query-input":{"@type":"PropertyValueSpecification","valueRequired":true,"valueName":"search_term_string"}}],"inLanguage":"fr-FR"},{"@type":"Organization","@id":"https:\/\/emoble.es\/fr\/#organization","name":"Emoble","url":"https:\/\/emoble.es\/fr\/","logo":{"@type":"ImageObject","inLanguage":"fr-FR","@id":"https:\/\/emoble.es\/fr\/#\/schema\/logo\/image\/","url":"https:\/\/emoble.es\/wp-content\/uploads\/2022\/03\/emoble_logo_positivo.svg","contentUrl":"https:\/\/emoble.es\/wp-content\/uploads\/2022\/03\/emoble_logo_positivo.svg","width":486,"height":186,"caption":"Emoble"},"image":{"@id":"https:\/\/emoble.es\/fr\/#\/schema\/logo\/image\/"}}]}},"acf":[],"_links":{"self":[{"href":"https:\/\/emoble.es\/fr\/wp-json\/wp\/v2\/pages\/9059","targetHints":{"allow":["GET"]}}],"collection":[{"href":"https:\/\/emoble.es\/fr\/wp-json\/wp\/v2\/pages"}],"about":[{"href":"https:\/\/emoble.es\/fr\/wp-json\/wp\/v2\/types\/page"}],"author":[{"embeddable":true,"href":"https:\/\/emoble.es\/fr\/wp-json\/wp\/v2\/users\/1"}],"replies":[{"embeddable":true,"href":"https:\/\/emoble.es\/fr\/wp-json\/wp\/v2\/comments?post=9059"}],"version-history":[{"count":3,"href":"https:\/\/emoble.es\/fr\/wp-json\/wp\/v2\/pages\/9059\/revisions"}],"predecessor-version":[{"id":9062,"href":"https:\/\/emoble.es\/fr\/wp-json\/wp\/v2\/pages\/9059\/revisions\/9062"}],"wp:attachment":[{"href":"https:\/\/emoble.es\/fr\/wp-json\/wp\/v2\/media?parent=9059"}],"curies":[{"name":"wp","href":"https:\/\/api.w.org\/{rel}","templated":true}]}}