{"id":8840,"date":"2022-04-04T13:13:24","date_gmt":"2022-04-04T11:13:24","guid":{"rendered":"https:\/\/poetahalley.com\/emoble\/shipping-returns\/"},"modified":"2023-04-05T18:18:30","modified_gmt":"2023-04-05T16:18:30","slug":"shipping-returns","status":"publish","type":"page","link":"https:\/\/emoble.es\/en\/shipping-returns\/","title":{"rendered":"Shipping and Returns of Radiator Covers at Emoble.es"},"content":{"rendered":"\t\t<div data-elementor-type=\"wp-page\" data-elementor-id=\"8840\" class=\"elementor elementor-8840 elementor-1529\" data-elementor-post-type=\"page\">\n\t\t\t\t\t\t<section class=\"elementor-section elementor-top-section elementor-element elementor-element-37e0088 elementor-section-boxed elementor-section-height-default elementor-section-height-default\" data-id=\"37e0088\" data-element_type=\"section\" data-e-type=\"section\" data-settings=\"{&quot;background_background&quot;:&quot;gradient&quot;}\">\n\t\t\t\t\t\t\t<div class=\"elementor-background-overlay\"><\/div>\n\t\t\t\t\t\t\t<div class=\"elementor-container elementor-column-gap-default\">\n\t\t\t\t\t<div class=\"elementor-column elementor-col-100 elementor-top-column elementor-element elementor-element-83ca240\" data-id=\"83ca240\" data-element_type=\"column\" data-e-type=\"column\">\n\t\t\t<div class=\"elementor-widget-wrap elementor-element-populated\">\n\t\t\t\t\t\t<section class=\"elementor-section elementor-inner-section elementor-element elementor-element-a2230a2 elementor-section-boxed elementor-section-height-default elementor-section-height-default\" data-id=\"a2230a2\" data-element_type=\"section\" data-e-type=\"section\">\n\t\t\t\t\t\t<div class=\"elementor-container elementor-column-gap-default\">\n\t\t\t\t\t<div class=\"elementor-column elementor-col-50 elementor-inner-column elementor-element elementor-element-a8771d1\" data-id=\"a8771d1\" data-element_type=\"column\" data-e-type=\"column\" data-settings=\"{&quot;background_background&quot;:&quot;classic&quot;}\">\n\t\t\t<div class=\"elementor-widget-wrap elementor-element-populated\">\n\t\t\t\t\t<div class=\"elementor-background-overlay\"><\/div>\n\t\t\t\t\t\t<div class=\"elementor-element elementor-element-9e27e12 elementor-widget elementor-widget-heading\" data-id=\"9e27e12\" data-element_type=\"widget\" data-e-type=\"widget\" data-widget_type=\"heading.default\">\n\t\t\t\t<div class=\"elementor-widget-container\">\n\t\t\t\t\t<p class=\"elementor-heading-title elementor-size-default\">Help<\/p>\t\t\t\t<\/div>\n\t\t\t\t<\/div>\n\t\t\t\t\t<\/div>\n\t\t<\/div>\n\t\t\t\t<div class=\"elementor-column elementor-col-50 elementor-inner-column elementor-element elementor-element-41c246e\" data-id=\"41c246e\" data-element_type=\"column\" data-e-type=\"column\">\n\t\t\t<div class=\"elementor-widget-wrap\">\n\t\t\t\t\t\t\t<\/div>\n\t\t<\/div>\n\t\t\t\t\t<\/div>\n\t\t<\/section>\n\t\t\t\t<div class=\"elementor-element elementor-element-6f14db6 elementor-widget elementor-widget-heading\" data-id=\"6f14db6\" data-element_type=\"widget\" data-e-type=\"widget\" data-widget_type=\"heading.default\">\n\t\t\t\t<div class=\"elementor-widget-container\">\n\t\t\t\t\t<h2 class=\"elementor-heading-title elementor-size-default\">Shipping &amp; Returns<\/h2>\t\t\t\t<\/div>\n\t\t\t\t<\/div>\n\t\t\t\t\t<\/div>\n\t\t<\/div>\n\t\t\t\t\t<\/div>\n\t\t<\/section>\n\t\t\t\t<section class=\"elementor-section elementor-top-section elementor-element elementor-element-cdf79f8 elementor-section-boxed elementor-section-height-default elementor-section-height-default\" data-id=\"cdf79f8\" data-element_type=\"section\" data-e-type=\"section\">\n\t\t\t\t\t\t<div class=\"elementor-container elementor-column-gap-default\">\n\t\t\t\t\t<div class=\"elementor-column elementor-col-100 elementor-top-column elementor-element elementor-element-0a41014\" data-id=\"0a41014\" data-element_type=\"column\" data-e-type=\"column\">\n\t\t\t<div class=\"elementor-widget-wrap elementor-element-populated\">\n\t\t\t\t\t\t<div class=\"elementor-element elementor-element-88b3929 elementor-widget elementor-widget-heading\" data-id=\"88b3929\" data-element_type=\"widget\" data-e-type=\"widget\" data-widget_type=\"heading.default\">\n\t\t\t\t<div class=\"elementor-widget-container\">\n\t\t\t\t\t<h2 class=\"elementor-heading-title elementor-size-default\">Deadline<\/h2>\t\t\t\t<\/div>\n\t\t\t\t<\/div>\n\t\t\t\t<section class=\"elementor-section elementor-inner-section elementor-element elementor-element-b332379 elementor-section-boxed elementor-section-height-default elementor-section-height-default\" data-id=\"b332379\" data-element_type=\"section\" data-e-type=\"section\">\n\t\t\t\t\t\t<div class=\"elementor-container elementor-column-gap-default\">\n\t\t\t\t\t<div class=\"elementor-column elementor-col-50 elementor-inner-column elementor-element elementor-element-b8304ff\" data-id=\"b8304ff\" data-element_type=\"column\" data-e-type=\"column\">\n\t\t\t<div class=\"elementor-widget-wrap elementor-element-populated\">\n\t\t\t\t\t\t<div class=\"elementor-element elementor-element-2336f94 elementor-widget elementor-widget-text-editor\" data-id=\"2336f94\" data-element_type=\"widget\" data-e-type=\"widget\" data-widget_type=\"text-editor.default\">\n\t\t\t\t<div class=\"elementor-widget-container\">\n\t\t\t\t\t\t\t\t\t<p>All our radiator cover furniture is made to measure for each client, this requires a manufacturing process, in which we constantly work to make it as fast as possible. Well-made and tailored jobs require time.<\/p>\n<p>Our manufacturing and delivery times to the client are between 35 and 40 days approximately from the moment the client confirms the order and makes the payment. We will always try to keep the times as short as possible and we usually achieve it.<\/p>\n<p>Orders generally leave the factory within 30 days of order confirmation. Sometimes certain factors may slightly delay delivery. For example, the transport agency makes shipments from Monday to Friday in the morning or afternoon, as it is not a general agency but a specialist in furniture logistics, its delivery times are longer, at least between one and two weeks from when it leaves the factory, this may be a reason why your order may take a while to arrive.<\/p>\n\t\t\t\t\t\t\t\t<\/div>\n\t\t\t\t<\/div>\n\t\t\t\t\t<\/div>\n\t\t<\/div>\n\t\t\t\t<div class=\"elementor-column elementor-col-50 elementor-inner-column elementor-element elementor-element-10a6c43\" data-id=\"10a6c43\" data-element_type=\"column\" data-e-type=\"column\">\n\t\t\t<div class=\"elementor-widget-wrap elementor-element-populated\">\n\t\t\t\t\t\t<div class=\"elementor-element elementor-element-0186ba3 elementor-widget elementor-widget-image\" data-id=\"0186ba3\" data-element_type=\"widget\" data-e-type=\"widget\" data-widget_type=\"image.default\">\n\t\t\t\t<div class=\"elementor-widget-container\">\n\t\t\t\t\t\t\t\t\t\t\t\t\t\t\t<img fetchpriority=\"high\" decoding=\"async\" width=\"800\" height=\"506\" src=\"https:\/\/emoble.es\/wp-content\/uploads\/2022\/04\/cubreradiador-embalaje-1024x648.jpg\" class=\"attachment-large size-large wp-image-7586\" alt=\"\" srcset=\"https:\/\/emoble.es\/wp-content\/uploads\/2022\/04\/cubreradiador-embalaje-1024x648.jpg 1024w, https:\/\/emoble.es\/wp-content\/uploads\/2022\/04\/cubreradiador-embalaje-300x190.jpg 300w, https:\/\/emoble.es\/wp-content\/uploads\/2022\/04\/cubreradiador-embalaje-768x486.jpg 768w, https:\/\/emoble.es\/wp-content\/uploads\/2022\/04\/cubreradiador-embalaje.jpg 1045w\" sizes=\"(max-width: 800px) 100vw, 800px\" \/>\t\t\t\t\t\t\t\t\t\t\t\t\t\t\t<\/div>\n\t\t\t\t<\/div>\n\t\t\t\t<div class=\"elementor-element elementor-element-f2e82e4 elementor-widget elementor-widget-text-editor\" data-id=\"f2e82e4\" data-element_type=\"widget\" data-e-type=\"widget\" data-widget_type=\"text-editor.default\">\n\t\t\t\t<div class=\"elementor-widget-container\">\n\t\t\t\t\t\t\t\t\t<p>Keep in mind that, if your population is far from a large urban center or city, or has few inhabitants, the choice of delivery days will not be as extensive, as will the possibility of morning or afternoon delivery. In these cases, there will also be a possible delay of 3-5 weeks.<\/p>\n\t\t\t\t\t\t\t\t<\/div>\n\t\t\t\t<\/div>\n\t\t\t\t\t<\/div>\n\t\t<\/div>\n\t\t\t\t\t<\/div>\n\t\t<\/section>\n\t\t\t\t\t<\/div>\n\t\t<\/div>\n\t\t\t\t\t<\/div>\n\t\t<\/section>\n\t\t\t\t<section class=\"elementor-section elementor-top-section elementor-element elementor-element-bda565b elementor-section-boxed elementor-section-height-default elementor-section-height-default\" data-id=\"bda565b\" data-element_type=\"section\" data-e-type=\"section\">\n\t\t\t\t\t\t<div class=\"elementor-container elementor-column-gap-default\">\n\t\t\t\t\t<div class=\"elementor-column elementor-col-100 elementor-top-column elementor-element elementor-element-857ee4e\" data-id=\"857ee4e\" data-element_type=\"column\" data-e-type=\"column\">\n\t\t\t<div class=\"elementor-widget-wrap elementor-element-populated\">\n\t\t\t\t\t\t<div class=\"elementor-element elementor-element-559454d elementor-widget elementor-widget-heading\" data-id=\"559454d\" data-element_type=\"widget\" data-e-type=\"widget\" data-widget_type=\"heading.default\">\n\t\t\t\t<div class=\"elementor-widget-container\">\n\t\t\t\t\t<h2 class=\"elementor-heading-title elementor-size-default\">Shipping and Reception Operation<\/h2>\t\t\t\t<\/div>\n\t\t\t\t<\/div>\n\t\t\t\t<div class=\"elementor-element elementor-element-95a96a8 elementor-widget elementor-widget-text-editor\" data-id=\"95a96a8\" data-element_type=\"widget\" data-e-type=\"widget\" data-widget_type=\"text-editor.default\">\n\t\t\t\t<div class=\"elementor-widget-container\">\n\t\t\t\t\t\t\t\t\t<p>All our furniture deserves the same treatment from the beginning to the end, that is why we have taken care of the highest quality packaging and we work with the most qualified transport companies, getting them to travel to their destination in perfect conditions and in the shortest possible time. , understanding that our deliveries take a minimum of one week from leaving the factory, but can take up to three depending on where they need to go.<\/p>\n<p><b>Important: <\/b>You should know that the merchandise, the package with the radiator cover, we do not upload or bring into the home, the transport agency leaves it at street level. If you want it to be uploaded or delivered to your home, this service can be contracted separately.<\/p>\n<p>When your order is manufactured, we will notify you so that you can decide if you want to make the remaining payment by transfer or cash on delivery. The cash on delivery will be paid in cash to the carrier and has a cost of between 10 and 20 euros depending on the amount to be paid.<\/p>\n<p>The transport agency sends an email with the approximate tracking of the package, but always calls by phone to agree on the day of delivery of the package and the approximate time. We cannot guarantee the exact time of delivery due to traffic contingencies, but it is daytime.<\/p>\n<p>In the event that the carriers go to the address on the agreed date and do not find the client at the address, they will return a second time after calling. If it is not found a second time, the package will be returned to the factory and the new shipment will have a surcharge of 80 euros plus VAT.<\/p>\n<p>You can also request to pick up your order directly at our warehouses or at any of the transport agency delegations closest to your home, through which your order is sent, to do so, contact us in order to carry out the procedures opportune.<\/p>\n<p>Emoble does not carry out installations, it is not necessary, we would charge you for a service that you can perform in the simplest way in the world, as you will see in the How to assemble a radiator cover section of this same section, we send the furniture assembled and ready to place in the wall, with a template and the plugs and spikes that are needed for its simple and quick installation.<\/p>\n<p>We ask that when the carrier proceeds to deliver the merchandise, you carry out the following checks:<\/p>\n<p>That the number of packages coincide with that of the delivery note. If the number of packages does not match, check carefully why it does not match.<\/p>\n<p>That the packaging does not show any sign of deformation or impact. In the face of any indication, unpack the products in front of the carrier and indicate on the delivery note the signs that the packages presented, as well as any damage that the products may have. Or you don&#8217;t receive the order.<\/p>\n<p>That all items carry their corresponding packaging. If you receive any product without the corresponding packaging, please note this matter on the carrier&#8217;s delivery note.<\/p>\n<p>In case of any anomaly, make a claim within 24 hours of receiving the order. To do this, call the number 961 698 254.<\/p>\n<p>You must bear in mind that, if you sign the delivery note as collected without verifying that the furniture is in perfect condition, Emoble will not be responsible for any subsequent claim for any reason. We will only be responsible for damage that may have occurred during transport in the event that the delivery note indicates something like the package has not been checked and always within 24 hours of receipt.<\/p>\n<p>All our radiator covers are sent by a logistics agency specializing in furniture.<\/p>\n\t\t\t\t\t\t\t\t<\/div>\n\t\t\t\t<\/div>\n\t\t\t\t\t<\/div>\n\t\t<\/div>\n\t\t\t\t\t<\/div>\n\t\t<\/section>\n\t\t\t\t<section class=\"elementor-section elementor-top-section elementor-element elementor-element-6cd77ca elementor-section-boxed elementor-section-height-default elementor-section-height-default\" data-id=\"6cd77ca\" data-element_type=\"section\" data-e-type=\"section\">\n\t\t\t\t\t\t<div class=\"elementor-container elementor-column-gap-default\">\n\t\t\t\t\t<div class=\"elementor-column elementor-col-100 elementor-top-column elementor-element elementor-element-b3f7f2e\" data-id=\"b3f7f2e\" data-element_type=\"column\" data-e-type=\"column\">\n\t\t\t<div class=\"elementor-widget-wrap elementor-element-populated\">\n\t\t\t\t\t\t<div class=\"elementor-element elementor-element-7c9c474 elementor-widget elementor-widget-heading\" data-id=\"7c9c474\" data-element_type=\"widget\" data-e-type=\"widget\" data-widget_type=\"heading.default\">\n\t\t\t\t<div class=\"elementor-widget-container\">\n\t\t\t\t\t<h2 class=\"elementor-heading-title elementor-size-default\">Returns<\/h2>\t\t\t\t<\/div>\n\t\t\t\t<\/div>\n\t\t\t\t<div class=\"elementor-element elementor-element-e9ad424 elementor-widget elementor-widget-text-editor\" data-id=\"e9ad424\" data-element_type=\"widget\" data-e-type=\"widget\" data-widget_type=\"text-editor.default\">\n\t\t\t\t<div class=\"elementor-widget-container\">\n\t\t\t\t\t\t\t\t\t<p>All our furniture is special measures manufactured expressly for the needs of the client. <b>Changes or returns will not be accepted, except those that have a manufacturing or transport defect.<\/b><\/p>\n<p>En cualquier caso, la fecha de inicio de garant\u00eda ser\u00e1 la que figure en la factura de compra, que se enviar\u00e1 por correo una vez entregado el mueble. The guarantee includes the costs of postage, labor and repair or replacement of the defective furniture.<\/p>\n\t\t\t\t\t\t\t\t<\/div>\n\t\t\t\t<\/div>\n\t\t\t\t\t<\/div>\n\t\t<\/div>\n\t\t\t\t\t<\/div>\n\t\t<\/section>\n\t\t\t\t<section class=\"elementor-section elementor-top-section elementor-element elementor-element-ac637ab elementor-section-boxed elementor-section-height-default elementor-section-height-default\" data-id=\"ac637ab\" data-element_type=\"section\" data-e-type=\"section\">\n\t\t\t\t\t\t<div class=\"elementor-container elementor-column-gap-default\">\n\t\t\t\t\t<div class=\"elementor-column elementor-col-100 elementor-top-column elementor-element elementor-element-d05a5cc\" data-id=\"d05a5cc\" data-element_type=\"column\" data-e-type=\"column\">\n\t\t\t<div class=\"elementor-widget-wrap elementor-element-populated\">\n\t\t\t\t\t\t<div class=\"elementor-element elementor-element-d422b95 elementor-widget elementor-widget-heading\" data-id=\"d422b95\" data-element_type=\"widget\" data-e-type=\"widget\" data-widget_type=\"heading.default\">\n\t\t\t\t<div class=\"elementor-widget-container\">\n\t\t\t\t\t<h2 class=\"elementor-heading-title elementor-size-default\">Cancellation of an order<\/h2>\t\t\t\t<\/div>\n\t\t\t\t<\/div>\n\t\t\t\t<div class=\"elementor-element elementor-element-421cb28 elementor-widget elementor-widget-text-editor\" data-id=\"421cb28\" data-element_type=\"widget\" data-e-type=\"widget\" data-widget_type=\"text-editor.default\">\n\t\t\t\t<div class=\"elementor-widget-container\">\n\t\t\t\t\t\t\t\t\t<p><strong>You can modify or cancel your order within 24 hours of receiving it.<\/strong><\/p>\n<p>If you do not notify any change in the order within 24 hours, the order will be considered firm and from that moment it will go to production.<\/p>\n<p>If you wish to make a change, cancel an order or have any questions, contact our customer service by calling 961 698 254 or writing to <a href=\"mailto:info@emoble.es\" target=\"_blank\" rel=\"noopener\">info@emoble.es<\/a>. The After-sales department will take care of all the procedures for a correct management of your purchase.<\/p>\n\t\t\t\t\t\t\t\t<\/div>\n\t\t\t\t<\/div>\n\t\t\t\t\t<\/div>\n\t\t<\/div>\n\t\t\t\t\t<\/div>\n\t\t<\/section>\n\t\t\t\t<\/div>\n\t\t","protected":false},"excerpt":{"rendered":"<p>Help Shipping &amp; Returns Deadline All our radiator cover furniture is made to measure for each client, this requires a manufacturing process, in which we constantly work to make it as fast as possible. Well-made and tailored jobs require time. Our manufacturing and delivery times to the client are between 35 and 40 days approximately [&hellip;]<\/p>\n","protected":false},"author":1,"featured_media":0,"parent":0,"menu_order":0,"comment_status":"closed","ping_status":"closed","template":"","meta":{"inline_featured_image":false,"ngg_post_thumbnail":0,"footnotes":""},"class_list":["post-8840","page","type-page","status-publish","hentry"],"yoast_head":"<!-- This site is optimized with the Yoast SEO plugin v27.4 - https:\/\/yoast.com\/product\/yoast-seo-wordpress\/ -->\n<title>Shipping and Returns of Radiator Covers at Emoble.es - Emoble<\/title>\n<meta name=\"description\" content=\"Shipping and Returns of Radiator Covers at Emoble. Shipping, returns and cancellation policy on Emoble radiator covers. Emoble, custom-made radiator cover furniture.\" \/>\n<meta name=\"robots\" content=\"index, follow, max-snippet:-1, max-image-preview:large, max-video-preview:-1\" \/>\n<link rel=\"canonical\" href=\"https:\/\/emoble.es\/en\/shipping-returns\/\" \/>\n<meta property=\"og:locale\" content=\"en_US\" \/>\n<meta property=\"og:type\" content=\"article\" \/>\n<meta property=\"og:title\" content=\"Shipping and Returns of Radiator Covers at Emoble.es - Emoble\" \/>\n<meta property=\"og:description\" content=\"Shipping and Returns of Radiator Covers at Emoble. Shipping, returns and cancellation policy on Emoble radiator covers. Emoble, custom-made radiator cover furniture.\" \/>\n<meta property=\"og:url\" content=\"https:\/\/emoble.es\/en\/shipping-returns\/\" \/>\n<meta property=\"og:site_name\" content=\"Emoble\" \/>\n<meta property=\"article:modified_time\" content=\"2023-04-05T16:18:30+00:00\" \/>\n<meta property=\"og:image\" content=\"https:\/\/emoble.es\/wp-content\/uploads\/2022\/04\/cubreradiador-embalaje-1024x648.jpg\" \/>\n<meta name=\"twitter:card\" content=\"summary_large_image\" \/>\n<meta name=\"twitter:label1\" content=\"Est. reading time\" \/>\n\t<meta name=\"twitter:data1\" content=\"5 minutes\" \/>\n<script type=\"application\/ld+json\" class=\"yoast-schema-graph\">{\"@context\":\"https:\\\/\\\/schema.org\",\"@graph\":[{\"@type\":\"WebPage\",\"@id\":\"https:\\\/\\\/emoble.es\\\/en\\\/shipping-returns\\\/\",\"url\":\"https:\\\/\\\/emoble.es\\\/en\\\/shipping-returns\\\/\",\"name\":\"Shipping and Returns of Radiator Covers at Emoble.es - Emoble\",\"isPartOf\":{\"@id\":\"https:\\\/\\\/emoble.es\\\/en\\\/#website\"},\"primaryImageOfPage\":{\"@id\":\"https:\\\/\\\/emoble.es\\\/en\\\/shipping-returns\\\/#primaryimage\"},\"image\":{\"@id\":\"https:\\\/\\\/emoble.es\\\/en\\\/shipping-returns\\\/#primaryimage\"},\"thumbnailUrl\":\"https:\\\/\\\/emoble.es\\\/wp-content\\\/uploads\\\/2022\\\/04\\\/cubreradiador-embalaje-1024x648.jpg\",\"datePublished\":\"2022-04-04T11:13:24+00:00\",\"dateModified\":\"2023-04-05T16:18:30+00:00\",\"description\":\"Shipping and Returns of Radiator Covers at Emoble. Shipping, returns and cancellation policy on Emoble radiator covers. Emoble, custom-made radiator cover furniture.\",\"breadcrumb\":{\"@id\":\"https:\\\/\\\/emoble.es\\\/en\\\/shipping-returns\\\/#breadcrumb\"},\"inLanguage\":\"en-US\",\"potentialAction\":[{\"@type\":\"ReadAction\",\"target\":[\"https:\\\/\\\/emoble.es\\\/en\\\/shipping-returns\\\/\"]}]},{\"@type\":\"ImageObject\",\"inLanguage\":\"en-US\",\"@id\":\"https:\\\/\\\/emoble.es\\\/en\\\/shipping-returns\\\/#primaryimage\",\"url\":\"https:\\\/\\\/emoble.es\\\/wp-content\\\/uploads\\\/2022\\\/04\\\/cubreradiador-embalaje-1024x648.jpg\",\"contentUrl\":\"https:\\\/\\\/emoble.es\\\/wp-content\\\/uploads\\\/2022\\\/04\\\/cubreradiador-embalaje-1024x648.jpg\"},{\"@type\":\"BreadcrumbList\",\"@id\":\"https:\\\/\\\/emoble.es\\\/en\\\/shipping-returns\\\/#breadcrumb\",\"itemListElement\":[{\"@type\":\"ListItem\",\"position\":1,\"name\":\"Portada\",\"item\":\"https:\\\/\\\/emoble.es\\\/en\\\/home\\\/\"},{\"@type\":\"ListItem\",\"position\":2,\"name\":\"Shipping and Returns of Radiator Covers at Emoble.es\"}]},{\"@type\":\"WebSite\",\"@id\":\"https:\\\/\\\/emoble.es\\\/en\\\/#website\",\"url\":\"https:\\\/\\\/emoble.es\\\/en\\\/\",\"name\":\"Emoble\",\"description\":\"Cubreradiadores a medida online - Emoble.es\",\"publisher\":{\"@id\":\"https:\\\/\\\/emoble.es\\\/en\\\/#organization\"},\"potentialAction\":[{\"@type\":\"SearchAction\",\"target\":{\"@type\":\"EntryPoint\",\"urlTemplate\":\"https:\\\/\\\/emoble.es\\\/en\\\/?s={search_term_string}\"},\"query-input\":{\"@type\":\"PropertyValueSpecification\",\"valueRequired\":true,\"valueName\":\"search_term_string\"}}],\"inLanguage\":\"en-US\"},{\"@type\":\"Organization\",\"@id\":\"https:\\\/\\\/emoble.es\\\/en\\\/#organization\",\"name\":\"Emoble\",\"url\":\"https:\\\/\\\/emoble.es\\\/en\\\/\",\"logo\":{\"@type\":\"ImageObject\",\"inLanguage\":\"en-US\",\"@id\":\"https:\\\/\\\/emoble.es\\\/en\\\/#\\\/schema\\\/logo\\\/image\\\/\",\"url\":\"https:\\\/\\\/emoble.es\\\/wp-content\\\/uploads\\\/2022\\\/03\\\/emoble_logo_positivo.svg\",\"contentUrl\":\"https:\\\/\\\/emoble.es\\\/wp-content\\\/uploads\\\/2022\\\/03\\\/emoble_logo_positivo.svg\",\"width\":486,\"height\":186,\"caption\":\"Emoble\"},\"image\":{\"@id\":\"https:\\\/\\\/emoble.es\\\/en\\\/#\\\/schema\\\/logo\\\/image\\\/\"}}]}<\/script>\n<!-- \/ Yoast SEO plugin. -->","yoast_head_json":{"title":"Shipping and Returns of Radiator Covers at Emoble.es - Emoble","description":"Shipping and Returns of Radiator Covers at Emoble. Shipping, returns and cancellation policy on Emoble radiator covers. Emoble, custom-made radiator cover furniture.","robots":{"index":"index","follow":"follow","max-snippet":"max-snippet:-1","max-image-preview":"max-image-preview:large","max-video-preview":"max-video-preview:-1"},"canonical":"https:\/\/emoble.es\/en\/shipping-returns\/","og_locale":"en_US","og_type":"article","og_title":"Shipping and Returns of Radiator Covers at Emoble.es - Emoble","og_description":"Shipping and Returns of Radiator Covers at Emoble. Shipping, returns and cancellation policy on Emoble radiator covers. Emoble, custom-made radiator cover furniture.","og_url":"https:\/\/emoble.es\/en\/shipping-returns\/","og_site_name":"Emoble","article_modified_time":"2023-04-05T16:18:30+00:00","og_image":[{"url":"https:\/\/emoble.es\/wp-content\/uploads\/2022\/04\/cubreradiador-embalaje-1024x648.jpg","type":"","width":"","height":""}],"twitter_card":"summary_large_image","twitter_misc":{"Est. reading time":"5 minutes"},"schema":{"@context":"https:\/\/schema.org","@graph":[{"@type":"WebPage","@id":"https:\/\/emoble.es\/en\/shipping-returns\/","url":"https:\/\/emoble.es\/en\/shipping-returns\/","name":"Shipping and Returns of Radiator Covers at Emoble.es - Emoble","isPartOf":{"@id":"https:\/\/emoble.es\/en\/#website"},"primaryImageOfPage":{"@id":"https:\/\/emoble.es\/en\/shipping-returns\/#primaryimage"},"image":{"@id":"https:\/\/emoble.es\/en\/shipping-returns\/#primaryimage"},"thumbnailUrl":"https:\/\/emoble.es\/wp-content\/uploads\/2022\/04\/cubreradiador-embalaje-1024x648.jpg","datePublished":"2022-04-04T11:13:24+00:00","dateModified":"2023-04-05T16:18:30+00:00","description":"Shipping and Returns of Radiator Covers at Emoble. Shipping, returns and cancellation policy on Emoble radiator covers. Emoble, custom-made radiator cover furniture.","breadcrumb":{"@id":"https:\/\/emoble.es\/en\/shipping-returns\/#breadcrumb"},"inLanguage":"en-US","potentialAction":[{"@type":"ReadAction","target":["https:\/\/emoble.es\/en\/shipping-returns\/"]}]},{"@type":"ImageObject","inLanguage":"en-US","@id":"https:\/\/emoble.es\/en\/shipping-returns\/#primaryimage","url":"https:\/\/emoble.es\/wp-content\/uploads\/2022\/04\/cubreradiador-embalaje-1024x648.jpg","contentUrl":"https:\/\/emoble.es\/wp-content\/uploads\/2022\/04\/cubreradiador-embalaje-1024x648.jpg"},{"@type":"BreadcrumbList","@id":"https:\/\/emoble.es\/en\/shipping-returns\/#breadcrumb","itemListElement":[{"@type":"ListItem","position":1,"name":"Portada","item":"https:\/\/emoble.es\/en\/home\/"},{"@type":"ListItem","position":2,"name":"Shipping and Returns of Radiator Covers at Emoble.es"}]},{"@type":"WebSite","@id":"https:\/\/emoble.es\/en\/#website","url":"https:\/\/emoble.es\/en\/","name":"Emoble","description":"Cubreradiadores a medida online - Emoble.es","publisher":{"@id":"https:\/\/emoble.es\/en\/#organization"},"potentialAction":[{"@type":"SearchAction","target":{"@type":"EntryPoint","urlTemplate":"https:\/\/emoble.es\/en\/?s={search_term_string}"},"query-input":{"@type":"PropertyValueSpecification","valueRequired":true,"valueName":"search_term_string"}}],"inLanguage":"en-US"},{"@type":"Organization","@id":"https:\/\/emoble.es\/en\/#organization","name":"Emoble","url":"https:\/\/emoble.es\/en\/","logo":{"@type":"ImageObject","inLanguage":"en-US","@id":"https:\/\/emoble.es\/en\/#\/schema\/logo\/image\/","url":"https:\/\/emoble.es\/wp-content\/uploads\/2022\/03\/emoble_logo_positivo.svg","contentUrl":"https:\/\/emoble.es\/wp-content\/uploads\/2022\/03\/emoble_logo_positivo.svg","width":486,"height":186,"caption":"Emoble"},"image":{"@id":"https:\/\/emoble.es\/en\/#\/schema\/logo\/image\/"}}]}},"acf":[],"_links":{"self":[{"href":"https:\/\/emoble.es\/en\/wp-json\/wp\/v2\/pages\/8840","targetHints":{"allow":["GET"]}}],"collection":[{"href":"https:\/\/emoble.es\/en\/wp-json\/wp\/v2\/pages"}],"about":[{"href":"https:\/\/emoble.es\/en\/wp-json\/wp\/v2\/types\/page"}],"author":[{"embeddable":true,"href":"https:\/\/emoble.es\/en\/wp-json\/wp\/v2\/users\/1"}],"replies":[{"embeddable":true,"href":"https:\/\/emoble.es\/en\/wp-json\/wp\/v2\/comments?post=8840"}],"version-history":[{"count":4,"href":"https:\/\/emoble.es\/en\/wp-json\/wp\/v2\/pages\/8840\/revisions"}],"predecessor-version":[{"id":11814,"href":"https:\/\/emoble.es\/en\/wp-json\/wp\/v2\/pages\/8840\/revisions\/11814"}],"wp:attachment":[{"href":"https:\/\/emoble.es\/en\/wp-json\/wp\/v2\/media?parent=8840"}],"curies":[{"name":"wp","href":"https:\/\/api.w.org\/{rel}","templated":true}]}}